{"id":4190,"date":"2025-07-06T07:34:09","date_gmt":"2025-07-06T07:34:09","guid":{"rendered":"https:\/\/www.triumphgifts.com\/?post_type=product&#038;p=4190"},"modified":"2025-07-06T09:19:48","modified_gmt":"2025-07-06T09:19:48","slug":"custom-wood-trophies","status":"publish","type":"product","link":"https:\/\/www.triumphgifts.com\/hu\/termek\/egyedi-fa-trofeak\/","title":{"rendered":"Egyedi fa tr\u00f3fe\u00e1k"},"content":{"rendered":"<div data-elementor-type=\"product-post\" data-elementor-id=\"4190\" class=\"elementor elementor-4190\" data-elementor-post-type=\"product\">\n\t\t\t\t<div class=\"elementor-element elementor-element-87fc5f0 e-flex e-con-boxed e-con e-parent\" data-id=\"87fc5f0\" data-element_type=\"container\" data-e-type=\"container\" data-settings=\"{&quot;ekit_has_onepagescroll_dot&quot;:&quot;yes&quot;}\">\n\t\t\t\t\t<div class=\"e-con-inner\">\n\t\t\t\t<div class=\"elementor-element elementor-element-93ec2cd elementor-widget elementor-widget-heading\" data-id=\"93ec2cd\" data-element_type=\"widget\" data-e-type=\"widget\" data-settings=\"{&quot;ekit_we_effect_on&quot;:&quot;none&quot;}\" data-widget_type=\"heading.default\">\n\t\t\t\t<div class=\"elementor-widget-container\">\n\t\t\t\t\t<h2 class=\"elementor-heading-title elementor-size-default\">Egyedi fa tr\u00f3fe\u00e1k\n Gy\u00e1rt\u00f3\n<\/h2>\t\t\t\t<\/div>\n\t\t\t\t<\/div>\n\t\t\t\t<div class=\"elementor-element elementor-element-994e591 elementor-widget elementor-widget-text-editor\" data-id=\"994e591\" data-element_type=\"widget\" data-e-type=\"widget\" data-settings=\"{&quot;ekit_we_effect_on&quot;:&quot;none&quot;}\" data-widget_type=\"text-editor.default\">\n\t\t\t\t<div class=\"elementor-widget-container\">\n\t\t\t\t\t\t\t\t\t<p>Egyedi fa tr\u00f3fe\u00e1ink id\u0151t\u00e1ll\u00f3 \u00e9s fenntarthat\u00f3 m\u00f3dj\u00e1t k\u00edn\u00e1lj\u00e1k a teljes\u00edtm\u00e9ny meg\u00fcnnepl\u00e9s\u00e9nek. A pr\u00e9mium min\u0151s\u00e9g\u0171, felel\u0151ss\u00e9gteljesen el\u0151\u00e1ll\u00edtott f\u00e1b\u00f3l, p\u00e9ld\u00e1ul di\u00f3f\u00e1b\u00f3l, bambuszb\u00f3l, juharb\u00f3l vagy ny\u00edrf\u00e1b\u00f3l k\u00e9sz\u00fclt tr\u00f3fe\u00e1k l\u00e9zergrav\u00edroz\u00e1ssal, UV sz\u00ednes nyomtat\u00e1ssal vagy egyedi n\u00e9vt\u00e1bl\u00e1val k\u00e9sz\u00fclnek, hogy eleg\u00e1nsan \u00e9s gondosan tisztelegjenek a d\u00edjazottak el\u0151tt.<\/p>\t\t\t\t\t\t\t\t<\/div>\n\t\t\t\t<\/div>\n\t\t\t\t<div class=\"elementor-element elementor-element-a2576d5 elementor-widget elementor-widget-text-editor\" data-id=\"a2576d5\" data-element_type=\"widget\" data-e-type=\"widget\" data-settings=\"{&quot;ekit_we_effect_on&quot;:&quot;none&quot;}\" data-widget_type=\"text-editor.default\">\n\t\t\t\t<div class=\"elementor-widget-container\">\n\t\t\t\t\t\t\t\t\t<p>T\u00e1mogatjuk a teljes testreszab\u00e1st, bele\u00e9rtve az egy\u00e9ni form\u00e1kat, magass\u00e1gokat, alapst\u00edlusokat, log\u00f3kat, neveket, d\u00e1tumokat \u00e9s m\u00e9g a 3D-s r\u00e9teges terveket is. Ak\u00e1r az alkalmazottak elismer\u00e9s\u00e9r\u0151l, a di\u00e1kok \u00fcnnepl\u00e9s\u00e9r\u0151l, a sportol\u00f3k kit\u00fcntet\u00e9s\u00e9r\u0151l vagy egy k\u00f6rnyezettudatos esem\u00e9nyr\u0151l van sz\u00f3, f\u00e1b\u00f3l k\u00e9sz\u00fclt tr\u00f3fe\u00e1ink pr\u00e9mium alternat\u00edv\u00e1t k\u00edn\u00e1lnak a m\u0171anyag vagy f\u00e9m opci\u00f3kkal szemben.<\/p>\t\t\t\t\t\t\t\t<\/div>\n\t\t\t\t<\/div>\n\t\t\t\t<div class=\"elementor-element elementor-element-77d3029 elementor-widget elementor-widget-text-editor\" data-id=\"77d3029\" data-element_type=\"widget\" data-e-type=\"widget\" data-settings=\"{&quot;ekit_we_effect_on&quot;:&quot;none&quot;}\" data-widget_type=\"text-editor.default\">\n\t\t\t\t<div class=\"elementor-widget-container\">\n\t\t\t\t\t\t\t\t\t<p>Minden tr\u00f3fe\u00e1t gondosan csiszolunk, pol\u00edrozunk \u00e9s befejez\u00fcnk, hogy biztos\u00edtsuk a sima, professzion\u00e1lis megjelen\u00e9st, mik\u00f6zben meg\u0151rizz\u00fck a fa term\u00e9szetes sz\u00e9ps\u00e9g\u00e9t.<\/p>\t\t\t\t\t\t\t\t<\/div>\n\t\t\t\t<\/div>\n\t\t\t\t<div class=\"elementor-element elementor-element-c823d63 elementor-widget elementor-widget-heading\" data-id=\"c823d63\" data-element_type=\"widget\" data-e-type=\"widget\" data-settings=\"{&quot;ekit_we_effect_on&quot;:&quot;none&quot;}\" data-widget_type=\"heading.default\">\n\t\t\t\t<div class=\"elementor-widget-container\">\n\t\t\t\t\t<h2 class=\"elementor-heading-title elementor-size-default\">Specifik\u00e1ci\u00f3\n<\/h2>\t\t\t\t<\/div>\n\t\t\t\t<\/div>\n\t\t\t\t<div class=\"elementor-element elementor-element-57db53d elementor-widget elementor-widget-text-editor\" data-id=\"57db53d\" data-element_type=\"widget\" data-e-type=\"widget\" data-settings=\"{&quot;ekit_we_effect_on&quot;:&quot;none&quot;}\" data-widget_type=\"text-editor.default\">\n\t\t\t\t<div class=\"elementor-widget-container\">\n\t\t\t\t\t\t\t\t\t<p>Fafajt\u00e1k: b\u00fckk, ny\u00edrfa (FSC tan\u00fas\u00edtv\u00e1nnyal rendelkez\u0151 v\u00e1ltozatok).<br \/>Testreszab\u00e1s:<br \/>1. L\u00e9zergrav\u00edroz\u00e1s vagy sz\u00ednes UV nyomtat\u00e1s<br \/>2. Log\u00f3k, nevek, sz\u00f6vegek \u00e9s d\u00edjc\u00edmek hozz\u00e1ad\u00e1sa<br \/>3. V\u00e1laszthat\u00f3 f\u00e9m n\u00e9vt\u00e1bla (arany\/ez\u00fcst\/fekete)<br \/>Tr\u00f3fea st\u00edlusok: Tr\u00f3fea t\u00edpusok: Blokk, torony, r\u00e9teges, plakett, \u00e1ll\u00f3 kiv\u00e1g\u00e1s.<br \/>Befejez\u00e9si lehet\u0151s\u00e9gek: Term\u00e9szetes, p\u00e1colt, matt, vagy f\u00e9nyes bevonat<br \/>\u00d6kol\u00f3giai el\u0151ny\u00f6k: Biol\u00f3giailag leboml\u00f3, meg\u00fajul\u00f3, m\u0171anyagmentes anyagok.<br \/>Csomagol\u00e1s: doboz, pr\u00e9mium d\u00edszdoboz, vagy k\u00f6rnyezetbar\u00e1t csomagol\u00f3anyag.<\/p>\t\t\t\t\t\t\t\t<\/div>\n\t\t\t\t<\/div>\n\t\t\t\t\t<\/div>\n\t\t\t\t<\/div>\n\t\t\t\t<\/div>","protected":false},"excerpt":{"rendered":"<h3 style=\"margin-bottom: 16px;\">Szem\u00e9lyre szabott k\u00f6rnyezetbar\u00e1t d\u00edjak<\/h3>\n<p><span style=\"display: block;\">Egyedi fatr\u00f3fe\u00e1k fenntarthat\u00f3 kem\u00e9nyf\u00e1b\u00f3l, p\u00e9ld\u00e1ul di\u00f3b\u00f3l, juharb\u00f3l vagy bambuszb\u00f3l. Ezek a k\u00f6rnyezetbar\u00e1t d\u00edjak alakjuk, m\u00e9ret\u00fck \u00e9s kivitel\u00fck tekintet\u00e9ben teljesen testreszabhat\u00f3k, \u00edgy ide\u00e1lisak a v\u00e1llalati elismer\u00e9sek, a tudom\u00e1nyos kiv\u00e1l\u00f3s\u00e1g, a sportversenyek \u00e9s a z\u00f6ld t\u00e9m\u00e1j\u00fa rendezv\u00e9nyek sz\u00e1m\u00e1ra.<br \/>\n<\/span><\/p>","protected":false},"featured_media":4171,"comment_status":"open","ping_status":"closed","template":"","meta":{"site-sidebar-layout":"no-sidebar","site-content-layout":"","ast-site-content-layout":"full-width-container","site-content-style":"default","site-sidebar-style":"default","ast-global-header-display":"","ast-banner-title-visibility":"","ast-main-header-display":"","ast-hfb-above-header-display":"","ast-hfb-below-header-display":"","ast-hfb-mobile-header-display":"","site-post-title":"disabled","ast-breadcrumbs-content":"","ast-featured-img":"disabled","footer-sml-layout":"","ast-disable-related-posts":"","theme-transparent-header-meta":"default","adv-header-id-meta":"","stick-header-meta":"","header-above-stick-meta":"","header-main-stick-meta":"","header-below-stick-meta":"","astra-migrate-meta-layouts":"set","ast-page-background-enabled":"default","ast-page-background-meta":{"desktop":{"background-color":"var(--ast-global-color-5)","background-image":"","background-repeat":"repeat","background-position":"center center","background-size":"auto","background-attachment":"scroll","background-type":"","background-media":"","overlay-type":"","overlay-color":"","overlay-opacity":"","overlay-gradient":""},"tablet":{"background-color":"","background-image":"","background-repeat":"repeat","background-position":"center center","background-size":"auto","background-attachment":"scroll","background-type":"","background-media":"","overlay-type":"","overlay-color":"","overlay-opacity":"","overlay-gradient":""},"mobile":{"background-color":"","background-image":"","background-repeat":"repeat","background-position":"center center","background-size":"auto","background-attachment":"scroll","background-type":"","background-media":"","overlay-type":"","overlay-color":"","overlay-opacity":"","overlay-gradient":""}},"ast-content-background-meta":{"desktop":{"background-color":"var(--ast-global-color-4)","background-image":"","background-repeat":"repeat","background-position":"center center","background-size":"auto","background-attachment":"scroll","background-type":"","background-media":"","overlay-type":"","overlay-color":"","overlay-opacity":"","overlay-gradient":""},"tablet":{"background-color":"var(--ast-global-color-4)","background-image":"","background-repeat":"repeat","background-position":"center center","background-size":"auto","background-attachment":"scroll","background-type":"","background-media":"","overlay-type":"","overlay-color":"","overlay-opacity":"","overlay-gradient":""},"mobile":{"background-color":"var(--ast-global-color-4)","background-image":"","background-repeat":"repeat","background-position":"center center","background-size":"auto","background-attachment":"scroll","background-type":"","background-media":"","overlay-type":"","overlay-color":"","overlay-opacity":"","overlay-gradient":""}}},"product_brand":[],"product_cat":[1539,1533],"product_tag":[1830,1829,1832,1831,1835,1833,1834,1825],"class_list":{"0":"post-4190","1":"product","2":"type-product","3":"status-publish","4":"has-post-thumbnail","6":"product_cat-custom-wooden-trophy","7":"product_cat-wooden-items","8":"product_tag-custom-wood-trophies","9":"product_tag-custom-wooden-plaques","10":"product_tag-eco-friendly-wood-awards","11":"product_tag-engraved-wooden-trophies","12":"product_tag-natural-wood-trophies","13":"product_tag-personalized-trophies","14":"product_tag-sustainable-awards","15":"product_tag-wooden-award-trophies","16":"desktop-align-left","17":"tablet-align-left","18":"mobile-align-left","20":"first","21":"instock","22":"shipping-taxable","23":"product-type-simple"},"yoast_head":"<!-- This site is optimized with the Yoast SEO plugin v27.3 - https:\/\/yoast.com\/product\/yoast-seo-wordpress\/ -->\n<title>Custom Wood Trophies<\/title>\n<meta name=\"description\" content=\"Design custom wood trophies with laser engraving or printed logos. Sustainable, elegant, and perfect for awards, recognition events, and corporate branding. FSC-certified materials available.\" \/>\n<meta name=\"robots\" content=\"index, follow, max-snippet:-1, max-image-preview:large, max-video-preview:-1\" \/>\n<link rel=\"canonical\" href=\"https:\/\/www.triumphgifts.com\/hu\/termek\/egyedi-fa-trofeak\/\" \/>\n<meta property=\"og:locale\" content=\"hu_HU\" \/>\n<meta property=\"og:type\" content=\"article\" \/>\n<meta property=\"og:title\" content=\"Custom Wood Trophies\" \/>\n<meta property=\"og:description\" content=\"Design custom wood trophies with laser engraving or printed logos. Sustainable, elegant, and perfect for awards, recognition events, and corporate branding. FSC-certified materials available.\" \/>\n<meta property=\"og:url\" content=\"https:\/\/www.triumphgifts.com\/hu\/termek\/egyedi-fa-trofeak\/\" \/>\n<meta property=\"og:site_name\" content=\"Custom Promotional Products, Trophies &amp; Medals Manufacturer | Triumph Gifts\" \/>\n<meta property=\"article:publisher\" content=\"https:\/\/www.facebook.com\/customgiftsmanufacturers\" \/>\n<meta property=\"article:modified_time\" content=\"2025-07-06T09:19:48+00:00\" \/>\n<meta property=\"og:image\" content=\"https:\/\/www.triumphgifts.com\/wp-content\/uploads\/2025\/07\/Custom-Wood-Trophies-1.jpg\" \/>\n\t<meta property=\"og:image:width\" content=\"750\" \/>\n\t<meta property=\"og:image:height\" content=\"750\" \/>\n\t<meta property=\"og:image:type\" content=\"image\/jpeg\" \/>\n<meta name=\"twitter:card\" content=\"summary_large_image\" \/>\n<meta name=\"twitter:label1\" content=\"Becs\u00fclt olvas\u00e1si id\u0151\" \/>\n\t<meta name=\"twitter:data1\" content=\"1 perc\" \/>\n<script type=\"application\/ld+json\" class=\"yoast-schema-graph\">{\"@context\":\"https:\\\/\\\/schema.org\",\"@graph\":[{\"@type\":\"WebPage\",\"@id\":\"https:\\\/\\\/www.triumphgifts.com\\\/product\\\/custom-wood-trophies\\\/\",\"url\":\"https:\\\/\\\/www.triumphgifts.com\\\/product\\\/custom-wood-trophies\\\/\",\"name\":\"Custom Wood Trophies\",\"isPartOf\":{\"@id\":\"https:\\\/\\\/www.triumphgifts.com\\\/sk\\\/#website\"},\"primaryImageOfPage\":{\"@id\":\"https:\\\/\\\/www.triumphgifts.com\\\/product\\\/custom-wood-trophies\\\/#primaryimage\"},\"image\":{\"@id\":\"https:\\\/\\\/www.triumphgifts.com\\\/product\\\/custom-wood-trophies\\\/#primaryimage\"},\"thumbnailUrl\":\"https:\\\/\\\/www.triumphgifts.com\\\/wp-content\\\/uploads\\\/2025\\\/07\\\/Custom-Wood-Trophies-1.jpg\",\"datePublished\":\"2025-07-06T07:34:09+00:00\",\"dateModified\":\"2025-07-06T09:19:48+00:00\",\"description\":\"Design custom wood trophies with laser engraving or printed logos. Sustainable, elegant, and perfect for awards, recognition events, and corporate branding. FSC-certified materials available.\",\"breadcrumb\":{\"@id\":\"https:\\\/\\\/www.triumphgifts.com\\\/product\\\/custom-wood-trophies\\\/#breadcrumb\"},\"inLanguage\":\"hu\",\"potentialAction\":[{\"@type\":\"ReadAction\",\"target\":[\"https:\\\/\\\/www.triumphgifts.com\\\/product\\\/custom-wood-trophies\\\/\"]}]},{\"@type\":\"ImageObject\",\"inLanguage\":\"hu\",\"@id\":\"https:\\\/\\\/www.triumphgifts.com\\\/product\\\/custom-wood-trophies\\\/#primaryimage\",\"url\":\"https:\\\/\\\/www.triumphgifts.com\\\/wp-content\\\/uploads\\\/2025\\\/07\\\/Custom-Wood-Trophies-1.jpg\",\"contentUrl\":\"https:\\\/\\\/www.triumphgifts.com\\\/wp-content\\\/uploads\\\/2025\\\/07\\\/Custom-Wood-Trophies-1.jpg\",\"width\":750,\"height\":750,\"caption\":\"Custom Wood Trophies\"},{\"@type\":\"BreadcrumbList\",\"@id\":\"https:\\\/\\\/www.triumphgifts.com\\\/product\\\/custom-wood-trophies\\\/#breadcrumb\",\"itemListElement\":[{\"@type\":\"ListItem\",\"position\":1,\"name\":\"\u9996\u9875\",\"item\":\"https:\\\/\\\/www.triumphgifts.com\\\/\"},{\"@type\":\"ListItem\",\"position\":2,\"name\":\"Products\",\"item\":\"https:\\\/\\\/www.triumphgifts.com\\\/shop\\\/\"},{\"@type\":\"ListItem\",\"position\":3,\"name\":\"Custom Wood Trophies\"}]},{\"@type\":\"WebSite\",\"@id\":\"https:\\\/\\\/www.triumphgifts.com\\\/sk\\\/#website\",\"url\":\"https:\\\/\\\/www.triumphgifts.com\\\/sk\\\/\",\"name\":\"Custom Promotional Products, Trophies & Medals Manufacturer | Triumph Gifts\",\"description\":\"Custom Promotional Products, Trophies &amp; Medals Manufacturer | Triumph Gifts\",\"publisher\":{\"@id\":\"https:\\\/\\\/www.triumphgifts.com\\\/sk\\\/#organization\"},\"potentialAction\":[{\"@type\":\"SearchAction\",\"target\":{\"@type\":\"EntryPoint\",\"urlTemplate\":\"https:\\\/\\\/www.triumphgifts.com\\\/sk\\\/?s={search_term_string}\"},\"query-input\":{\"@type\":\"PropertyValueSpecification\",\"valueRequired\":true,\"valueName\":\"search_term_string\"}}],\"inLanguage\":\"hu\"},{\"@type\":\"Organization\",\"@id\":\"https:\\\/\\\/www.triumphgifts.com\\\/sk\\\/#organization\",\"name\":\"Custom Promotional Products, Trophies & Medals Manufacturer | Triumph Gifts\",\"url\":\"https:\\\/\\\/www.triumphgifts.com\\\/sk\\\/\",\"logo\":{\"@type\":\"ImageObject\",\"inLanguage\":\"hu\",\"@id\":\"https:\\\/\\\/www.triumphgifts.com\\\/sk\\\/#\\\/schema\\\/logo\\\/image\\\/\",\"url\":\"https:\\\/\\\/www.triumphgifts.com\\\/wp-content\\\/uploads\\\/2025\\\/05\\\/triumph-gifts-logo-1.png\",\"contentUrl\":\"https:\\\/\\\/www.triumphgifts.com\\\/wp-content\\\/uploads\\\/2025\\\/05\\\/triumph-gifts-logo-1.png\",\"width\":1537,\"height\":404,\"caption\":\"Custom Promotional Products, Trophies & Medals Manufacturer | Triumph Gifts\"},\"image\":{\"@id\":\"https:\\\/\\\/www.triumphgifts.com\\\/sk\\\/#\\\/schema\\\/logo\\\/image\\\/\"},\"sameAs\":[\"https:\\\/\\\/www.facebook.com\\\/customgiftsmanufacturers\",\"https:\\\/\\\/www.youtube.com\\\/@customsouvenirs\",\"https:\\\/\\\/www.pinterest.com\\\/custompromotionalproducts\\\/\",\"https:\\\/\\\/www.linkedin.com\\\/company\\\/customgiftsupplier\\\/\"]}]}<\/script>\n<!-- \/ Yoast SEO plugin. -->","yoast_head_json":{"title":"Egyedi fa tr\u00f3fe\u00e1k","description":"Tervezzen egyedi fatr\u00f3fe\u00e1kat l\u00e9zergrav\u00edroz\u00e1ssal vagy nyomtatott log\u00f3kkal. Fenntarthat\u00f3, eleg\u00e1ns \u00e9s t\u00f6k\u00e9letes d\u00edjakhoz, elismer\u00e9si esem\u00e9nyekhez \u00e9s v\u00e1llalati m\u00e1rka\u00e9p\u00edt\u00e9shez. FSC tan\u00fas\u00edtv\u00e1nnyal rendelkez\u0151 anyagok \u00e1llnak rendelkez\u00e9sre.","robots":{"index":"index","follow":"follow","max-snippet":"max-snippet:-1","max-image-preview":"max-image-preview:large","max-video-preview":"max-video-preview:-1"},"canonical":"https:\/\/www.triumphgifts.com\/hu\/termek\/egyedi-fa-trofeak\/","og_locale":"hu_HU","og_type":"article","og_title":"Custom Wood Trophies","og_description":"Design custom wood trophies with laser engraving or printed logos. Sustainable, elegant, and perfect for awards, recognition events, and corporate branding. FSC-certified materials available.","og_url":"https:\/\/www.triumphgifts.com\/hu\/termek\/egyedi-fa-trofeak\/","og_site_name":"Custom Promotional Products, Trophies &amp; Medals Manufacturer | Triumph Gifts","article_publisher":"https:\/\/www.facebook.com\/customgiftsmanufacturers","article_modified_time":"2025-07-06T09:19:48+00:00","og_image":[{"width":750,"height":750,"url":"https:\/\/www.triumphgifts.com\/wp-content\/uploads\/2025\/07\/Custom-Wood-Trophies-1.jpg","type":"image\/jpeg"}],"twitter_card":"summary_large_image","twitter_misc":{"Becs\u00fclt olvas\u00e1si id\u0151":"1 perc"},"schema":{"@context":"https:\/\/schema.org","@graph":[{"@type":"WebPage","@id":"https:\/\/www.triumphgifts.com\/product\/custom-wood-trophies\/","url":"https:\/\/www.triumphgifts.com\/product\/custom-wood-trophies\/","name":"Egyedi fa tr\u00f3fe\u00e1k","isPartOf":{"@id":"https:\/\/www.triumphgifts.com\/sk\/#website"},"primaryImageOfPage":{"@id":"https:\/\/www.triumphgifts.com\/product\/custom-wood-trophies\/#primaryimage"},"image":{"@id":"https:\/\/www.triumphgifts.com\/product\/custom-wood-trophies\/#primaryimage"},"thumbnailUrl":"https:\/\/www.triumphgifts.com\/wp-content\/uploads\/2025\/07\/Custom-Wood-Trophies-1.jpg","datePublished":"2025-07-06T07:34:09+00:00","dateModified":"2025-07-06T09:19:48+00:00","description":"Tervezzen egyedi fatr\u00f3fe\u00e1kat l\u00e9zergrav\u00edroz\u00e1ssal vagy nyomtatott log\u00f3kkal. Fenntarthat\u00f3, eleg\u00e1ns \u00e9s t\u00f6k\u00e9letes d\u00edjakhoz, elismer\u00e9si esem\u00e9nyekhez \u00e9s v\u00e1llalati m\u00e1rka\u00e9p\u00edt\u00e9shez. FSC tan\u00fas\u00edtv\u00e1nnyal rendelkez\u0151 anyagok \u00e1llnak rendelkez\u00e9sre.","breadcrumb":{"@id":"https:\/\/www.triumphgifts.com\/product\/custom-wood-trophies\/#breadcrumb"},"inLanguage":"hu","potentialAction":[{"@type":"ReadAction","target":["https:\/\/www.triumphgifts.com\/product\/custom-wood-trophies\/"]}]},{"@type":"ImageObject","inLanguage":"hu","@id":"https:\/\/www.triumphgifts.com\/product\/custom-wood-trophies\/#primaryimage","url":"https:\/\/www.triumphgifts.com\/wp-content\/uploads\/2025\/07\/Custom-Wood-Trophies-1.jpg","contentUrl":"https:\/\/www.triumphgifts.com\/wp-content\/uploads\/2025\/07\/Custom-Wood-Trophies-1.jpg","width":750,"height":750,"caption":"Custom Wood Trophies"},{"@type":"BreadcrumbList","@id":"https:\/\/www.triumphgifts.com\/product\/custom-wood-trophies\/#breadcrumb","itemListElement":[{"@type":"ListItem","position":1,"name":"\u9996\u9875","item":"https:\/\/www.triumphgifts.com\/"},{"@type":"ListItem","position":2,"name":"Products","item":"https:\/\/www.triumphgifts.com\/shop\/"},{"@type":"ListItem","position":3,"name":"Custom Wood Trophies"}]},{"@type":"WebSite","@id":"https:\/\/www.triumphgifts.com\/sk\/#website","url":"https:\/\/www.triumphgifts.com\/sk\/","name":"Egyedi prom\u00f3ci\u00f3s term\u00e9kek, tr\u00f3fe\u00e1k \u00e9s \u00e9rmek gy\u00e1rt\u00f3ja | Triumph Gifts","description":"Egyedi prom\u00f3ci\u00f3s term\u00e9kek, tr\u00f3fe\u00e1k \u00e9s \u00e9rmek gy\u00e1rt\u00f3ja | Triumph Gifts","publisher":{"@id":"https:\/\/www.triumphgifts.com\/sk\/#organization"},"potentialAction":[{"@type":"SearchAction","target":{"@type":"EntryPoint","urlTemplate":"https:\/\/www.triumphgifts.com\/sk\/?s={search_term_string}"},"query-input":{"@type":"PropertyValueSpecification","valueRequired":true,"valueName":"search_term_string"}}],"inLanguage":"hu"},{"@type":"Organization","@id":"https:\/\/www.triumphgifts.com\/sk\/#organization","name":"Egyedi prom\u00f3ci\u00f3s term\u00e9kek, tr\u00f3fe\u00e1k \u00e9s \u00e9rmek gy\u00e1rt\u00f3ja | Triumph Gifts","url":"https:\/\/www.triumphgifts.com\/sk\/","logo":{"@type":"ImageObject","inLanguage":"hu","@id":"https:\/\/www.triumphgifts.com\/sk\/#\/schema\/logo\/image\/","url":"https:\/\/www.triumphgifts.com\/wp-content\/uploads\/2025\/05\/triumph-gifts-logo-1.png","contentUrl":"https:\/\/www.triumphgifts.com\/wp-content\/uploads\/2025\/05\/triumph-gifts-logo-1.png","width":1537,"height":404,"caption":"Custom Promotional Products, Trophies & Medals Manufacturer | Triumph Gifts"},"image":{"@id":"https:\/\/www.triumphgifts.com\/sk\/#\/schema\/logo\/image\/"},"sameAs":["https:\/\/www.facebook.com\/customgiftsmanufacturers","https:\/\/www.youtube.com\/@customsouvenirs","https:\/\/www.pinterest.com\/custompromotionalproducts\/","https:\/\/www.linkedin.com\/company\/customgiftsupplier\/"]}]}},"_links":{"self":[{"href":"https:\/\/www.triumphgifts.com\/hu\/wp-json\/wp\/v2\/product\/4190","targetHints":{"allow":["GET"]}}],"collection":[{"href":"https:\/\/www.triumphgifts.com\/hu\/wp-json\/wp\/v2\/product"}],"about":[{"href":"https:\/\/www.triumphgifts.com\/hu\/wp-json\/wp\/v2\/types\/product"}],"replies":[{"embeddable":true,"href":"https:\/\/www.triumphgifts.com\/hu\/wp-json\/wp\/v2\/comments?post=4190"}],"version-history":[{"count":0,"href":"https:\/\/www.triumphgifts.com\/hu\/wp-json\/wp\/v2\/product\/4190\/revisions"}],"wp:featuredmedia":[{"embeddable":true,"href":"https:\/\/www.triumphgifts.com\/hu\/wp-json\/wp\/v2\/media\/4171"}],"wp:attachment":[{"href":"https:\/\/www.triumphgifts.com\/hu\/wp-json\/wp\/v2\/media?parent=4190"}],"wp:term":[{"taxonomy":"product_brand","embeddable":true,"href":"https:\/\/www.triumphgifts.com\/hu\/wp-json\/wp\/v2\/product_brand?post=4190"},{"taxonomy":"product_cat","embeddable":true,"href":"https:\/\/www.triumphgifts.com\/hu\/wp-json\/wp\/v2\/product_cat?post=4190"},{"taxonomy":"product_tag","embeddable":true,"href":"https:\/\/www.triumphgifts.com\/hu\/wp-json\/wp\/v2\/product_tag?post=4190"}],"curies":[{"name":"wp","href":"https:\/\/api.w.org\/{rel}","templated":true}]}}