{"id":2874,"date":"2025-07-03T05:32:34","date_gmt":"2025-07-03T05:32:34","guid":{"rendered":"https:\/\/www.triumphgifts.com\/?post_type=product&#038;p=2874"},"modified":"2026-03-24T08:14:25","modified_gmt":"2026-03-24T08:14:25","slug":"custom-retractable-lanyards","status":"publish","type":"product","link":"https:\/\/www.triumphgifts.com\/hu\/termek\/custom-retractable-lanyards\/","title":{"rendered":"Custom Retractable Lanyards"},"content":{"rendered":"<div data-elementor-type=\"product-post\" data-elementor-id=\"2874\" class=\"elementor elementor-2874\" data-elementor-post-type=\"product\">\n\t\t\t\t<div class=\"elementor-element elementor-element-031eb17 e-flex e-con-boxed e-con e-parent\" data-id=\"031eb17\" data-element_type=\"container\" data-e-type=\"container\" data-settings=\"{&quot;ekit_has_onepagescroll_dot&quot;:&quot;yes&quot;}\">\n\t\t\t\t\t<div class=\"e-con-inner\">\n\t\t\t\t<div class=\"elementor-element elementor-element-8741ccd elementor-widget elementor-widget-heading\" data-id=\"8741ccd\" data-element_type=\"widget\" data-e-type=\"widget\" data-settings=\"{&quot;ekit_we_effect_on&quot;:&quot;none&quot;}\" data-widget_type=\"heading.default\">\n\t\t\t\t<div class=\"elementor-widget-container\">\n\t\t\t\t\t<h2 class=\"elementor-heading-title elementor-size-default\">Custom Retractable Lanyards\n Manufacturer\n\n<\/h2>\t\t\t\t<\/div>\n\t\t\t\t<\/div>\n\t\t\t\t<div class=\"elementor-element elementor-element-ae1135f elementor-widget elementor-widget-video\" data-id=\"ae1135f\" data-element_type=\"widget\" data-e-type=\"widget\" data-settings=\"{&quot;youtube_url&quot;:&quot;https:\\\/\\\/youtu.be\\\/tVkBJ20yKk8?si=_wQ9l4ng703Nlkiz&quot;,&quot;video_type&quot;:&quot;youtube&quot;,&quot;controls&quot;:&quot;yes&quot;,&quot;ekit_we_effect_on&quot;:&quot;none&quot;}\" data-widget_type=\"video.default\">\n\t\t\t\t<div class=\"elementor-widget-container\">\n\t\t\t\t\t\t\t<div class=\"elementor-wrapper elementor-open-inline\">\n\t\t\t<div class=\"elementor-video\"><\/div>\t\t<\/div>\n\t\t\t\t\t\t<\/div>\n\t\t\t\t<\/div>\n\t\t\t\t<div class=\"elementor-element elementor-element-833cb60 elementor-widget elementor-widget-text-editor\" data-id=\"833cb60\" data-element_type=\"widget\" data-e-type=\"widget\" data-settings=\"{&quot;ekit_we_effect_on&quot;:&quot;none&quot;}\" data-widget_type=\"text-editor.default\">\n\t\t\t\t<div class=\"elementor-widget-container\">\n\t\t\t\t\t\t\t\t\t<p>Tired of removing your badge every time you scan in? Our custom retractable lanyards offer the ideal solution by integrating a built-in retractable reel that lets users extend their ID cards, access passes, or key fobs with ease\u2014without removing the lanyard from their neck.<\/p>\t\t\t\t\t\t\t\t<\/div>\n\t\t\t\t<\/div>\n\t\t\t\t<div class=\"elementor-element elementor-element-ac9c4b5 elementor-widget elementor-widget-text-editor\" data-id=\"ac9c4b5\" data-element_type=\"widget\" data-e-type=\"widget\" data-settings=\"{&quot;ekit_we_effect_on&quot;:&quot;none&quot;}\" data-widget_type=\"text-editor.default\">\n\t\t\t\t<div class=\"elementor-widget-container\">\n\t\t\t\t\t\t\t\t\t<p>Constructed with a durable tube strap, these lanyards are both comfortable and long-lasting, and the pull reel mechanism adds a layer of efficiency to daily use. They are widely used in corporate offices, government buildings, hospitals, schools, and event security.<\/p>\t\t\t\t\t\t\t\t<\/div>\n\t\t\t\t<\/div>\n\t\t\t\t<div class=\"elementor-element elementor-element-5d6430e elementor-widget elementor-widget-text-editor\" data-id=\"5d6430e\" data-element_type=\"widget\" data-e-type=\"widget\" data-settings=\"{&quot;ekit_we_effect_on&quot;:&quot;none&quot;}\" data-widget_type=\"text-editor.default\">\n\t\t\t\t<div class=\"elementor-widget-container\">\n\t\t\t\t\t\t\t\t\t<p>Your branding can be featured directly on the lanyard strap and\/or the surface of the retractable reel, making it a subtle but effective marketing tool. Choose from various lanyard materials, colors, print methods, and reel shapes (round, square, oval) to match your visual identity.<\/p>\t\t\t\t\t\t\t\t<\/div>\n\t\t\t\t<\/div>\n\t\t\t\t<div class=\"elementor-element elementor-element-5ced7b5 elementor-widget elementor-widget-text-editor\" data-id=\"5ced7b5\" data-element_type=\"widget\" data-e-type=\"widget\" data-settings=\"{&quot;ekit_we_effect_on&quot;:&quot;none&quot;}\" data-widget_type=\"text-editor.default\">\n\t\t\t\t<div class=\"elementor-widget-container\">\n\t\t\t\t\t\t\t\t\t<p>As a lanyard direct manufacturer, we offer full OEM\/ODM customization, low minimum orders, and quick lead times to support your projects at any scale.<\/p>\t\t\t\t\t\t\t\t<\/div>\n\t\t\t\t<\/div>\n\t\t\t\t<div class=\"elementor-element elementor-element-a7f31d4 elementor-widget elementor-widget-heading\" data-id=\"a7f31d4\" data-element_type=\"widget\" data-e-type=\"widget\" data-settings=\"{&quot;ekit_we_effect_on&quot;:&quot;none&quot;}\" data-widget_type=\"heading.default\">\n\t\t\t\t<div class=\"elementor-widget-container\">\n\t\t\t\t\t<h2 class=\"elementor-heading-title elementor-size-default\">Specifications<\/h2>\t\t\t\t<\/div>\n\t\t\t\t<\/div>\n\t\t\t\t<div class=\"elementor-element elementor-element-e0d6fa3 elementor-widget elementor-widget-text-editor\" data-id=\"e0d6fa3\" data-element_type=\"widget\" data-e-type=\"widget\" data-settings=\"{&quot;ekit_we_effect_on&quot;:&quot;none&quot;}\" data-widget_type=\"text-editor.default\">\n\t\t\t\t<div class=\"elementor-widget-container\">\n\t\t\t\t\t\t\t\t\t<p>Design: Lanyard with built-in retractable badge reel (extendable cord)<br \/>Material: Tube strap + ABS plastic reel<br \/>Branding Areas: Lanyard strap &amp; reel face (with full-color printing or dome sticker)<br \/>Printing Methods: Silkscreen, pad print<br \/>Popular Applications: Access control, ID display, key management, trade shows<br \/>Customization Options: Width, strap color, reel shape, attachments (badge clips, carabiners, breakaway buckles)<\/p>\t\t\t\t\t\t\t\t<\/div>\n\t\t\t\t<\/div>\n\t\t\t\t\t<\/div>\n\t\t\t\t<\/div>\n\t\t\t\t<\/div>","protected":false},"excerpt":{"rendered":"<h3 style=\"margin-bottom: 16px;\">Lanyards with Pull Reels &amp; Logo Printing<\/h3>\n<p><span style=\"display: block;\">Custom retractable lanyards combine the convenience of a standard neck lanyard with the functionality of a pull-out badge reel. Designed for fast, hands-free access to ID cards, keys, or access passes\u2014perfect for workplaces, security teams, trade shows, and healthcare settings. Fully customizable with your logo, colors, and accessories.<\/span><\/p>","protected":false},"featured_media":2876,"comment_status":"closed","ping_status":"closed","template":"","meta":{"site-sidebar-layout":"no-sidebar","site-content-layout":"","ast-site-content-layout":"full-width-container","site-content-style":"default","site-sidebar-style":"default","ast-global-header-display":"","ast-banner-title-visibility":"","ast-main-header-display":"","ast-hfb-above-header-display":"","ast-hfb-below-header-display":"","ast-hfb-mobile-header-display":"","site-post-title":"","ast-breadcrumbs-content":"","ast-featured-img":"disabled","footer-sml-layout":"","ast-disable-related-posts":"","theme-transparent-header-meta":"default","adv-header-id-meta":"","stick-header-meta":"","header-above-stick-meta":"","header-main-stick-meta":"","header-below-stick-meta":"","astra-migrate-meta-layouts":"set","ast-page-background-enabled":"default","ast-page-background-meta":{"desktop":{"background-color":"var(--ast-global-color-5)","background-image":"","background-repeat":"repeat","background-position":"center center","background-size":"auto","background-attachment":"scroll","background-type":"","background-media":"","overlay-type":"","overlay-color":"","overlay-opacity":"","overlay-gradient":""},"tablet":{"background-color":"","background-image":"","background-repeat":"repeat","background-position":"center center","background-size":"auto","background-attachment":"scroll","background-type":"","background-media":"","overlay-type":"","overlay-color":"","overlay-opacity":"","overlay-gradient":""},"mobile":{"background-color":"","background-image":"","background-repeat":"repeat","background-position":"center center","background-size":"auto","background-attachment":"scroll","background-type":"","background-media":"","overlay-type":"","overlay-color":"","overlay-opacity":"","overlay-gradient":""}},"ast-content-background-meta":{"desktop":{"background-color":"var(--ast-global-color-4)","background-image":"","background-repeat":"repeat","background-position":"center center","background-size":"auto","background-attachment":"scroll","background-type":"","background-media":"","overlay-type":"","overlay-color":"","overlay-opacity":"","overlay-gradient":""},"tablet":{"background-color":"var(--ast-global-color-4)","background-image":"","background-repeat":"repeat","background-position":"center center","background-size":"auto","background-attachment":"scroll","background-type":"","background-media":"","overlay-type":"","overlay-color":"","overlay-opacity":"","overlay-gradient":""},"mobile":{"background-color":"var(--ast-global-color-4)","background-image":"","background-repeat":"repeat","background-position":"center center","background-size":"auto","background-attachment":"scroll","background-type":"","background-media":"","overlay-type":"","overlay-color":"","overlay-opacity":"","overlay-gradient":""}}},"product_brand":[],"product_cat":[111,638],"product_tag":[737,738,733,735,734,736],"class_list":{"0":"post-2874","1":"product","2":"type-product","3":"status-publish","4":"has-post-thumbnail","6":"product_cat-custom-lanyards","7":"product_cat-custom-tubular-lanyards","8":"product_tag-custom-lanyards-with-reel","9":"product_tag-custom-reel-lanyard-manufacturer","10":"product_tag-custom-retractable-lanyards","11":"product_tag-id-lanyards-with-pull-reel","12":"product_tag-lanyards-with-badge-reel","13":"product_tag-logo-printed-retractable-lanyards","14":"desktop-align-left","15":"tablet-align-left","16":"mobile-align-left","18":"first","19":"instock","20":"shipping-taxable","21":"product-type-simple"},"yoast_head":"<!-- This site is optimized with the Yoast SEO plugin v27.3 - https:\/\/yoast.com\/product\/yoast-seo-wordpress\/ -->\n<title>Custom Retractable Lanyards<\/title>\n<meta name=\"description\" content=\"Design retractable lanyards with built-in badge reels. Ideal for offices, hospitals &amp; events. Fully customizable with your logo and attachments.\" \/>\n<meta name=\"robots\" content=\"index, follow, max-snippet:-1, max-image-preview:large, max-video-preview:-1\" \/>\n<link rel=\"canonical\" href=\"https:\/\/www.triumphgifts.com\/hu\/termek\/custom-retractable-lanyards\/\" \/>\n<meta property=\"og:locale\" content=\"hu_HU\" \/>\n<meta property=\"og:type\" content=\"article\" \/>\n<meta property=\"og:title\" content=\"Custom Retractable Lanyards\" \/>\n<meta property=\"og:description\" content=\"Design retractable lanyards with built-in badge reels. Ideal for offices, hospitals &amp; events. Fully customizable with your logo and attachments.\" \/>\n<meta property=\"og:url\" content=\"https:\/\/www.triumphgifts.com\/hu\/termek\/custom-retractable-lanyards\/\" \/>\n<meta property=\"og:site_name\" content=\"Custom Promotional Products, Trophies &amp; Medals Manufacturer | Triumph Gifts\" \/>\n<meta property=\"article:publisher\" content=\"https:\/\/www.facebook.com\/customgiftsmanufacturers\" \/>\n<meta property=\"article:modified_time\" content=\"2026-03-24T08:14:25+00:00\" \/>\n<meta property=\"og:image\" content=\"https:\/\/www.triumphgifts.com\/wp-content\/uploads\/2025\/07\/Custom-Retractable-Lanyards-2.jpg\" \/>\n\t<meta property=\"og:image:width\" content=\"750\" \/>\n\t<meta property=\"og:image:height\" content=\"750\" \/>\n\t<meta property=\"og:image:type\" content=\"image\/jpeg\" \/>\n<meta name=\"twitter:card\" content=\"summary_large_image\" \/>\n<meta name=\"twitter:label1\" content=\"Becs\u00fclt olvas\u00e1si id\u0151\" \/>\n\t<meta name=\"twitter:data1\" content=\"2 perc\" \/>\n<script type=\"application\/ld+json\" class=\"yoast-schema-graph\">{\"@context\":\"https:\\\/\\\/schema.org\",\"@graph\":[{\"@type\":\"WebPage\",\"@id\":\"https:\\\/\\\/www.triumphgifts.com\\\/product\\\/custom-retractable-lanyards\\\/\",\"url\":\"https:\\\/\\\/www.triumphgifts.com\\\/product\\\/custom-retractable-lanyards\\\/\",\"name\":\"Custom Retractable Lanyards\",\"isPartOf\":{\"@id\":\"https:\\\/\\\/www.triumphgifts.com\\\/sk\\\/#website\"},\"primaryImageOfPage\":{\"@id\":\"https:\\\/\\\/www.triumphgifts.com\\\/product\\\/custom-retractable-lanyards\\\/#primaryimage\"},\"image\":{\"@id\":\"https:\\\/\\\/www.triumphgifts.com\\\/product\\\/custom-retractable-lanyards\\\/#primaryimage\"},\"thumbnailUrl\":\"https:\\\/\\\/www.triumphgifts.com\\\/wp-content\\\/uploads\\\/2025\\\/07\\\/Custom-Retractable-Lanyards-2.jpg\",\"datePublished\":\"2025-07-03T05:32:34+00:00\",\"dateModified\":\"2026-03-24T08:14:25+00:00\",\"description\":\"Design retractable lanyards with built-in badge reels. Ideal for offices, hospitals & events. Fully customizable with your logo and attachments.\",\"breadcrumb\":{\"@id\":\"https:\\\/\\\/www.triumphgifts.com\\\/product\\\/custom-retractable-lanyards\\\/#breadcrumb\"},\"inLanguage\":\"hu\",\"potentialAction\":[{\"@type\":\"ReadAction\",\"target\":[\"https:\\\/\\\/www.triumphgifts.com\\\/product\\\/custom-retractable-lanyards\\\/\"]}]},{\"@type\":\"ImageObject\",\"inLanguage\":\"hu\",\"@id\":\"https:\\\/\\\/www.triumphgifts.com\\\/product\\\/custom-retractable-lanyards\\\/#primaryimage\",\"url\":\"https:\\\/\\\/www.triumphgifts.com\\\/wp-content\\\/uploads\\\/2025\\\/07\\\/Custom-Retractable-Lanyards-2.jpg\",\"contentUrl\":\"https:\\\/\\\/www.triumphgifts.com\\\/wp-content\\\/uploads\\\/2025\\\/07\\\/Custom-Retractable-Lanyards-2.jpg\",\"width\":750,\"height\":750,\"caption\":\"Custom Retractable Lanyards\"},{\"@type\":\"BreadcrumbList\",\"@id\":\"https:\\\/\\\/www.triumphgifts.com\\\/product\\\/custom-retractable-lanyards\\\/#breadcrumb\",\"itemListElement\":[{\"@type\":\"ListItem\",\"position\":1,\"name\":\"\u9996\u9875\",\"item\":\"https:\\\/\\\/www.triumphgifts.com\\\/\"},{\"@type\":\"ListItem\",\"position\":2,\"name\":\"Products\",\"item\":\"https:\\\/\\\/www.triumphgifts.com\\\/shop\\\/\"},{\"@type\":\"ListItem\",\"position\":3,\"name\":\"Custom Retractable Lanyards\"}]},{\"@type\":\"WebSite\",\"@id\":\"https:\\\/\\\/www.triumphgifts.com\\\/sk\\\/#website\",\"url\":\"https:\\\/\\\/www.triumphgifts.com\\\/sk\\\/\",\"name\":\"Custom Promotional Products, Trophies & Medals Manufacturer | Triumph Gifts\",\"description\":\"Custom Promotional Products, Trophies &amp; Medals Manufacturer | Triumph Gifts\",\"publisher\":{\"@id\":\"https:\\\/\\\/www.triumphgifts.com\\\/sk\\\/#organization\"},\"potentialAction\":[{\"@type\":\"SearchAction\",\"target\":{\"@type\":\"EntryPoint\",\"urlTemplate\":\"https:\\\/\\\/www.triumphgifts.com\\\/sk\\\/?s={search_term_string}\"},\"query-input\":{\"@type\":\"PropertyValueSpecification\",\"valueRequired\":true,\"valueName\":\"search_term_string\"}}],\"inLanguage\":\"hu\"},{\"@type\":\"Organization\",\"@id\":\"https:\\\/\\\/www.triumphgifts.com\\\/sk\\\/#organization\",\"name\":\"Custom Promotional Products, Trophies & Medals Manufacturer | Triumph Gifts\",\"url\":\"https:\\\/\\\/www.triumphgifts.com\\\/sk\\\/\",\"logo\":{\"@type\":\"ImageObject\",\"inLanguage\":\"hu\",\"@id\":\"https:\\\/\\\/www.triumphgifts.com\\\/sk\\\/#\\\/schema\\\/logo\\\/image\\\/\",\"url\":\"https:\\\/\\\/www.triumphgifts.com\\\/wp-content\\\/uploads\\\/2025\\\/05\\\/triumph-gifts-logo-1.png\",\"contentUrl\":\"https:\\\/\\\/www.triumphgifts.com\\\/wp-content\\\/uploads\\\/2025\\\/05\\\/triumph-gifts-logo-1.png\",\"width\":1537,\"height\":404,\"caption\":\"Custom Promotional Products, Trophies & Medals Manufacturer | Triumph Gifts\"},\"image\":{\"@id\":\"https:\\\/\\\/www.triumphgifts.com\\\/sk\\\/#\\\/schema\\\/logo\\\/image\\\/\"},\"sameAs\":[\"https:\\\/\\\/www.facebook.com\\\/customgiftsmanufacturers\",\"https:\\\/\\\/www.youtube.com\\\/@customsouvenirs\",\"https:\\\/\\\/www.pinterest.com\\\/custompromotionalproducts\\\/\",\"https:\\\/\\\/www.linkedin.com\\\/company\\\/customgiftsupplier\\\/\"]}]}<\/script>\n<!-- \/ Yoast SEO plugin. -->","yoast_head_json":{"title":"Custom Retractable Lanyards","description":"Design retractable lanyards with built-in badge reels. Ideal for offices, hospitals & events. Fully customizable with your logo and attachments.","robots":{"index":"index","follow":"follow","max-snippet":"max-snippet:-1","max-image-preview":"max-image-preview:large","max-video-preview":"max-video-preview:-1"},"canonical":"https:\/\/www.triumphgifts.com\/hu\/termek\/custom-retractable-lanyards\/","og_locale":"hu_HU","og_type":"article","og_title":"Custom Retractable Lanyards","og_description":"Design retractable lanyards with built-in badge reels. Ideal for offices, hospitals & events. Fully customizable with your logo and attachments.","og_url":"https:\/\/www.triumphgifts.com\/hu\/termek\/custom-retractable-lanyards\/","og_site_name":"Custom Promotional Products, Trophies &amp; Medals Manufacturer | Triumph Gifts","article_publisher":"https:\/\/www.facebook.com\/customgiftsmanufacturers","article_modified_time":"2026-03-24T08:14:25+00:00","og_image":[{"width":750,"height":750,"url":"https:\/\/www.triumphgifts.com\/wp-content\/uploads\/2025\/07\/Custom-Retractable-Lanyards-2.jpg","type":"image\/jpeg"}],"twitter_card":"summary_large_image","twitter_misc":{"Becs\u00fclt olvas\u00e1si id\u0151":"2 perc"},"schema":{"@context":"https:\/\/schema.org","@graph":[{"@type":"WebPage","@id":"https:\/\/www.triumphgifts.com\/product\/custom-retractable-lanyards\/","url":"https:\/\/www.triumphgifts.com\/product\/custom-retractable-lanyards\/","name":"Custom Retractable Lanyards","isPartOf":{"@id":"https:\/\/www.triumphgifts.com\/sk\/#website"},"primaryImageOfPage":{"@id":"https:\/\/www.triumphgifts.com\/product\/custom-retractable-lanyards\/#primaryimage"},"image":{"@id":"https:\/\/www.triumphgifts.com\/product\/custom-retractable-lanyards\/#primaryimage"},"thumbnailUrl":"https:\/\/www.triumphgifts.com\/wp-content\/uploads\/2025\/07\/Custom-Retractable-Lanyards-2.jpg","datePublished":"2025-07-03T05:32:34+00:00","dateModified":"2026-03-24T08:14:25+00:00","description":"Design retractable lanyards with built-in badge reels. Ideal for offices, hospitals & events. Fully customizable with your logo and attachments.","breadcrumb":{"@id":"https:\/\/www.triumphgifts.com\/product\/custom-retractable-lanyards\/#breadcrumb"},"inLanguage":"hu","potentialAction":[{"@type":"ReadAction","target":["https:\/\/www.triumphgifts.com\/product\/custom-retractable-lanyards\/"]}]},{"@type":"ImageObject","inLanguage":"hu","@id":"https:\/\/www.triumphgifts.com\/product\/custom-retractable-lanyards\/#primaryimage","url":"https:\/\/www.triumphgifts.com\/wp-content\/uploads\/2025\/07\/Custom-Retractable-Lanyards-2.jpg","contentUrl":"https:\/\/www.triumphgifts.com\/wp-content\/uploads\/2025\/07\/Custom-Retractable-Lanyards-2.jpg","width":750,"height":750,"caption":"Custom Retractable Lanyards"},{"@type":"BreadcrumbList","@id":"https:\/\/www.triumphgifts.com\/product\/custom-retractable-lanyards\/#breadcrumb","itemListElement":[{"@type":"ListItem","position":1,"name":"\u9996\u9875","item":"https:\/\/www.triumphgifts.com\/"},{"@type":"ListItem","position":2,"name":"Products","item":"https:\/\/www.triumphgifts.com\/shop\/"},{"@type":"ListItem","position":3,"name":"Custom Retractable Lanyards"}]},{"@type":"WebSite","@id":"https:\/\/www.triumphgifts.com\/sk\/#website","url":"https:\/\/www.triumphgifts.com\/sk\/","name":"Egyedi prom\u00f3ci\u00f3s term\u00e9kek, tr\u00f3fe\u00e1k \u00e9s \u00e9rmek gy\u00e1rt\u00f3ja | Triumph Gifts","description":"Egyedi prom\u00f3ci\u00f3s term\u00e9kek, tr\u00f3fe\u00e1k \u00e9s \u00e9rmek gy\u00e1rt\u00f3ja | Triumph Gifts","publisher":{"@id":"https:\/\/www.triumphgifts.com\/sk\/#organization"},"potentialAction":[{"@type":"SearchAction","target":{"@type":"EntryPoint","urlTemplate":"https:\/\/www.triumphgifts.com\/sk\/?s={search_term_string}"},"query-input":{"@type":"PropertyValueSpecification","valueRequired":true,"valueName":"search_term_string"}}],"inLanguage":"hu"},{"@type":"Organization","@id":"https:\/\/www.triumphgifts.com\/sk\/#organization","name":"Egyedi prom\u00f3ci\u00f3s term\u00e9kek, tr\u00f3fe\u00e1k \u00e9s \u00e9rmek gy\u00e1rt\u00f3ja | Triumph Gifts","url":"https:\/\/www.triumphgifts.com\/sk\/","logo":{"@type":"ImageObject","inLanguage":"hu","@id":"https:\/\/www.triumphgifts.com\/sk\/#\/schema\/logo\/image\/","url":"https:\/\/www.triumphgifts.com\/wp-content\/uploads\/2025\/05\/triumph-gifts-logo-1.png","contentUrl":"https:\/\/www.triumphgifts.com\/wp-content\/uploads\/2025\/05\/triumph-gifts-logo-1.png","width":1537,"height":404,"caption":"Custom Promotional Products, Trophies & Medals Manufacturer | Triumph Gifts"},"image":{"@id":"https:\/\/www.triumphgifts.com\/sk\/#\/schema\/logo\/image\/"},"sameAs":["https:\/\/www.facebook.com\/customgiftsmanufacturers","https:\/\/www.youtube.com\/@customsouvenirs","https:\/\/www.pinterest.com\/custompromotionalproducts\/","https:\/\/www.linkedin.com\/company\/customgiftsupplier\/"]}]}},"_links":{"self":[{"href":"https:\/\/www.triumphgifts.com\/hu\/wp-json\/wp\/v2\/product\/2874","targetHints":{"allow":["GET"]}}],"collection":[{"href":"https:\/\/www.triumphgifts.com\/hu\/wp-json\/wp\/v2\/product"}],"about":[{"href":"https:\/\/www.triumphgifts.com\/hu\/wp-json\/wp\/v2\/types\/product"}],"replies":[{"embeddable":true,"href":"https:\/\/www.triumphgifts.com\/hu\/wp-json\/wp\/v2\/comments?post=2874"}],"version-history":[{"count":4,"href":"https:\/\/www.triumphgifts.com\/hu\/wp-json\/wp\/v2\/product\/2874\/revisions"}],"predecessor-version":[{"id":8507,"href":"https:\/\/www.triumphgifts.com\/hu\/wp-json\/wp\/v2\/product\/2874\/revisions\/8507"}],"wp:featuredmedia":[{"embeddable":true,"href":"https:\/\/www.triumphgifts.com\/hu\/wp-json\/wp\/v2\/media\/2876"}],"wp:attachment":[{"href":"https:\/\/www.triumphgifts.com\/hu\/wp-json\/wp\/v2\/media?parent=2874"}],"wp:term":[{"taxonomy":"product_brand","embeddable":true,"href":"https:\/\/www.triumphgifts.com\/hu\/wp-json\/wp\/v2\/product_brand?post=2874"},{"taxonomy":"product_cat","embeddable":true,"href":"https:\/\/www.triumphgifts.com\/hu\/wp-json\/wp\/v2\/product_cat?post=2874"},{"taxonomy":"product_tag","embeddable":true,"href":"https:\/\/www.triumphgifts.com\/hu\/wp-json\/wp\/v2\/product_tag?post=2874"}],"curies":[{"name":"wp","href":"https:\/\/api.w.org\/{rel}","templated":true}]}}