{"id":1124,"date":"2025-06-20T08:26:24","date_gmt":"2025-06-20T08:26:24","guid":{"rendered":"https:\/\/www.triumphgifts.com\/?post_type=product&#038;p=1124"},"modified":"2025-06-25T07:17:37","modified_gmt":"2025-06-25T07:17:37","slug":"custom-metal-enamel-pins","status":"publish","type":"product","link":"https:\/\/www.triumphgifts.com\/fr\/produit\/epingles-en-metal-emaille-personnalisees\/","title":{"rendered":"\u00c9pingles en m\u00e9tal \u00e9maill\u00e9 personnalis\u00e9es"},"content":{"rendered":"<div data-elementor-type=\"product-post\" data-elementor-id=\"1124\" class=\"elementor elementor-1124\" data-elementor-post-type=\"product\">\n\t\t\t\t<div class=\"elementor-element elementor-element-722586a e-flex e-con-boxed e-con e-parent\" data-id=\"722586a\" data-element_type=\"container\" data-e-type=\"container\" data-settings=\"{&quot;ekit_has_onepagescroll_dot&quot;:&quot;yes&quot;}\">\n\t\t\t\t\t<div class=\"e-con-inner\">\n\t\t\t\t<div class=\"elementor-element elementor-element-a1ba26d elementor-widget elementor-widget-heading\" data-id=\"a1ba26d\" data-element_type=\"widget\" data-e-type=\"widget\" data-settings=\"{&quot;ekit_we_effect_on&quot;:&quot;none&quot;}\" data-widget_type=\"heading.default\">\n\t\t\t\t<div class=\"elementor-widget-container\">\n\t\t\t\t\t<h2 class=\"elementor-heading-title elementor-size-default\">Create Custom Enamel Pins for You<\/h2>\t\t\t\t<\/div>\n\t\t\t\t<\/div>\n\t\t\t\t<div class=\"elementor-element elementor-element-8b0050b elementor-widget elementor-widget-text-editor\" data-id=\"8b0050b\" data-element_type=\"widget\" data-e-type=\"widget\" data-settings=\"{&quot;ekit_we_effect_on&quot;:&quot;none&quot;}\" data-widget_type=\"text-editor.default\">\n\t\t\t\t<div class=\"elementor-widget-container\">\n\t\t\t\t\t\t\t\t\t<p>At <strong data-start=\"127\" data-end=\"144\">Cadeaux de triomphe<\/strong>, all of our <strong data-start=\"157\" data-end=\"179\">custom enamel pins<\/strong> begin with a premium metal base. Each color is carefully hand-filled by our skilled artisans to ensure vibrant, long-lasting results. The enamel is resistant to wear, making your <strong data-start=\"359\" data-end=\"381\">custom enamel pins<\/strong> both colorful and durable. We offer complete customization to bring your ideas to life. Easily create your design with our user-friendly online system and get a free quote today.<\/p>\t\t\t\t\t\t\t\t<\/div>\n\t\t\t\t<\/div>\n\t\t\t\t<div class=\"elementor-element elementor-element-1bb0a66 elementor-widget elementor-widget-image\" data-id=\"1bb0a66\" data-element_type=\"widget\" data-e-type=\"widget\" data-settings=\"{&quot;ekit_we_effect_on&quot;:&quot;none&quot;}\" data-widget_type=\"image.default\">\n\t\t\t\t<div class=\"elementor-widget-container\">\n\t\t\t\t\t\t\t\t\t\t\t\t\t\t\t<img fetchpriority=\"high\" decoding=\"async\" width=\"929\" height=\"328\" src=\"https:\/\/www.triumphgifts.com\/wp-content\/uploads\/2025\/06\/Accessories-Options-1.png\" class=\"attachment-large size-large wp-image-1385\" alt=\"Custom Badge Accessories Options\" srcset=\"https:\/\/www.triumphgifts.com\/wp-content\/uploads\/2025\/06\/Accessories-Options-1.png 929w, https:\/\/www.triumphgifts.com\/wp-content\/uploads\/2025\/06\/Accessories-Options-1-300x106.png 300w, https:\/\/www.triumphgifts.com\/wp-content\/uploads\/2025\/06\/Accessories-Options-1-768x271.png 768w, https:\/\/www.triumphgifts.com\/wp-content\/uploads\/2025\/06\/Accessories-Options-1-600x212.png 600w\" sizes=\"(max-width: 929px) 100vw, 929px\" \/>\t\t\t\t\t\t\t\t\t\t\t\t\t\t\t<\/div>\n\t\t\t\t<\/div>\n\t\t\t\t<div class=\"elementor-element elementor-element-62ed54e elementor-widget elementor-widget-image\" data-id=\"62ed54e\" data-element_type=\"widget\" data-e-type=\"widget\" data-settings=\"{&quot;ekit_we_effect_on&quot;:&quot;none&quot;}\" data-widget_type=\"image.default\">\n\t\t\t\t<div class=\"elementor-widget-container\">\n\t\t\t\t\t\t\t\t\t\t\t\t\t\t\t<img decoding=\"async\" width=\"961\" height=\"399\" src=\"https:\/\/www.triumphgifts.com\/wp-content\/uploads\/2025\/06\/Custom-Sports-Medals-with-Ribbons-2.png\" class=\"attachment-large size-large wp-image-445\" alt=\"Crypto coin display case and packaging options for custom medals and awards.\" srcset=\"https:\/\/www.triumphgifts.com\/wp-content\/uploads\/2025\/06\/Custom-Sports-Medals-with-Ribbons-2.png 961w, https:\/\/www.triumphgifts.com\/wp-content\/uploads\/2025\/06\/Custom-Sports-Medals-with-Ribbons-2-300x125.png 300w, https:\/\/www.triumphgifts.com\/wp-content\/uploads\/2025\/06\/Custom-Sports-Medals-with-Ribbons-2-768x319.png 768w, https:\/\/www.triumphgifts.com\/wp-content\/uploads\/2025\/06\/Custom-Sports-Medals-with-Ribbons-2-600x249.png 600w\" sizes=\"(max-width: 961px) 100vw, 961px\" \/>\t\t\t\t\t\t\t\t\t\t\t\t\t\t\t<\/div>\n\t\t\t\t<\/div>\n\t\t\t\t\t<\/div>\n\t\t\t\t<\/div>\n\t\t\t\t<\/div>","protected":false},"excerpt":{"rendered":"<h3 style=\"margin-bottom: 16px;\">Custom Enamel Pins<\/h3>\n<p><span style=\"display: block;\">Bring your ideas to life with our custom metal enamel pins, designed for vibrant color, fine detail, and lasting quality.<br \/>\nIdeal for brands, events, collectors, and giveaways, custom enamel pins are available in both soft and hard enamel finishes.<br \/>\nAdd your logo or artwork to create unique, high-impact accessories that truly stand out.<\/span><\/p>","protected":false},"featured_media":1128,"comment_status":"open","ping_status":"closed","template":"","meta":{"site-sidebar-layout":"no-sidebar","site-content-layout":"","ast-site-content-layout":"full-width-container","site-content-style":"default","site-sidebar-style":"default","ast-global-header-display":"","ast-banner-title-visibility":"","ast-main-header-display":"","ast-hfb-above-header-display":"","ast-hfb-below-header-display":"","ast-hfb-mobile-header-display":"","site-post-title":"disabled","ast-breadcrumbs-content":"","ast-featured-img":"disabled","footer-sml-layout":"","ast-disable-related-posts":"","theme-transparent-header-meta":"default","adv-header-id-meta":"","stick-header-meta":"","header-above-stick-meta":"","header-main-stick-meta":"","header-below-stick-meta":"","astra-migrate-meta-layouts":"set","ast-page-background-enabled":"default","ast-page-background-meta":{"desktop":{"background-color":"var(--ast-global-color-5)","background-image":"","background-repeat":"repeat","background-position":"center center","background-size":"auto","background-attachment":"scroll","background-type":"","background-media":"","overlay-type":"","overlay-color":"","overlay-opacity":"","overlay-gradient":""},"tablet":{"background-color":"","background-image":"","background-repeat":"repeat","background-position":"center center","background-size":"auto","background-attachment":"scroll","background-type":"","background-media":"","overlay-type":"","overlay-color":"","overlay-opacity":"","overlay-gradient":""},"mobile":{"background-color":"","background-image":"","background-repeat":"repeat","background-position":"center center","background-size":"auto","background-attachment":"scroll","background-type":"","background-media":"","overlay-type":"","overlay-color":"","overlay-opacity":"","overlay-gradient":""}},"ast-content-background-meta":{"desktop":{"background-color":"var(--ast-global-color-4)","background-image":"","background-repeat":"repeat","background-position":"center center","background-size":"auto","background-attachment":"scroll","background-type":"","background-media":"","overlay-type":"","overlay-color":"","overlay-opacity":"","overlay-gradient":""},"tablet":{"background-color":"var(--ast-global-color-4)","background-image":"","background-repeat":"repeat","background-position":"center center","background-size":"auto","background-attachment":"scroll","background-type":"","background-media":"","overlay-type":"","overlay-color":"","overlay-opacity":"","overlay-gradient":""},"mobile":{"background-color":"var(--ast-global-color-4)","background-image":"","background-repeat":"repeat","background-position":"center center","background-size":"auto","background-attachment":"scroll","background-type":"","background-media":"","overlay-type":"","overlay-color":"","overlay-opacity":"","overlay-gradient":""}}},"product_brand":[],"product_cat":[84,32],"product_tag":[135,133,131,134],"class_list":{"0":"post-1124","1":"product","2":"type-product","3":"status-publish","4":"has-post-thumbnail","6":"product_cat-custom-enamel-pins-lapel-pins","7":"product_cat-metal-products","8":"product_tag-custom-enamel-pins","9":"product_tag-custom-metal-enamel-pins","10":"product_tag-custom-metals","11":"product_tag-enamel-pins","12":"desktop-align-left","13":"tablet-align-left","14":"mobile-align-left","16":"first","17":"instock","18":"shipping-taxable","19":"product-type-simple"},"yoast_head":"<!-- This site is optimized with the Yoast SEO plugin v27.5 - https:\/\/yoast.com\/product\/yoast-seo-wordpress\/ -->\n<title>Custom Metal Enamel Pins<\/title>\n<meta name=\"description\" content=\"Bring your ideas to life with our custom metal enamel pins, designed for vibrant color, fine detail, and lasting quality. Ideal for brands, events, collectors, and giveaways, custom enamel pins are available in both soft and hard enamel finishes.\" \/>\n<meta name=\"robots\" content=\"index, follow, max-snippet:-1, max-image-preview:large, max-video-preview:-1\" \/>\n<link rel=\"canonical\" href=\"https:\/\/www.triumphgifts.com\/fr\/produit\/epingles-en-metal-emaille-personnalisees\/\" \/>\n<meta property=\"og:locale\" content=\"fr_FR\" \/>\n<meta property=\"og:type\" content=\"article\" \/>\n<meta property=\"og:title\" content=\"Custom Metal Enamel Pins\" \/>\n<meta property=\"og:description\" content=\"Bring your ideas to life with our custom metal enamel pins, designed for vibrant color, fine detail, and lasting quality. Ideal for brands, events, collectors, and giveaways, custom enamel pins are available in both soft and hard enamel finishes.\" \/>\n<meta property=\"og:url\" content=\"https:\/\/www.triumphgifts.com\/fr\/produit\/epingles-en-metal-emaille-personnalisees\/\" \/>\n<meta property=\"og:site_name\" content=\"Custom Promotional Products, Trophies &amp; Medals Manufacturer | Triumph Gifts\" \/>\n<meta property=\"article:publisher\" content=\"https:\/\/www.facebook.com\/customgiftsmanufacturers\" \/>\n<meta property=\"article:modified_time\" content=\"2025-06-25T07:17:37+00:00\" \/>\n<meta property=\"og:image\" content=\"https:\/\/www.triumphgifts.com\/wp-content\/uploads\/2025\/06\/metal-enamal-pin-5.jpg\" \/>\n\t<meta property=\"og:image:width\" content=\"1000\" \/>\n\t<meta property=\"og:image:height\" content=\"1000\" \/>\n\t<meta property=\"og:image:type\" content=\"image\/jpeg\" \/>\n<meta name=\"twitter:card\" content=\"summary_large_image\" \/>\n<meta name=\"twitter:label1\" content=\"Dur\u00e9e de lecture estim\u00e9e\" \/>\n\t<meta name=\"twitter:data1\" content=\"1 minute\" \/>\n<script type=\"application\/ld+json\" class=\"yoast-schema-graph\">{\"@context\":\"https:\\\/\\\/schema.org\",\"@graph\":[{\"@type\":\"WebPage\",\"@id\":\"https:\\\/\\\/www.triumphgifts.com\\\/product\\\/custom-metal-enamel-pins\\\/\",\"url\":\"https:\\\/\\\/www.triumphgifts.com\\\/product\\\/custom-metal-enamel-pins\\\/\",\"name\":\"Custom Metal Enamel Pins\",\"isPartOf\":{\"@id\":\"https:\\\/\\\/www.triumphgifts.com\\\/sk\\\/#website\"},\"primaryImageOfPage\":{\"@id\":\"https:\\\/\\\/www.triumphgifts.com\\\/product\\\/custom-metal-enamel-pins\\\/#primaryimage\"},\"image\":{\"@id\":\"https:\\\/\\\/www.triumphgifts.com\\\/product\\\/custom-metal-enamel-pins\\\/#primaryimage\"},\"thumbnailUrl\":\"https:\\\/\\\/www.triumphgifts.com\\\/wp-content\\\/uploads\\\/2025\\\/06\\\/metal-enamal-pin-5.jpg\",\"datePublished\":\"2025-06-20T08:26:24+00:00\",\"dateModified\":\"2025-06-25T07:17:37+00:00\",\"description\":\"Bring your ideas to life with our custom metal enamel pins, designed for vibrant color, fine detail, and lasting quality. Ideal for brands, events, collectors, and giveaways, custom enamel pins are available in both soft and hard enamel finishes.\",\"breadcrumb\":{\"@id\":\"https:\\\/\\\/www.triumphgifts.com\\\/product\\\/custom-metal-enamel-pins\\\/#breadcrumb\"},\"inLanguage\":\"fr-FR\",\"potentialAction\":[{\"@type\":\"ReadAction\",\"target\":[\"https:\\\/\\\/www.triumphgifts.com\\\/product\\\/custom-metal-enamel-pins\\\/\"]}]},{\"@type\":\"ImageObject\",\"inLanguage\":\"fr-FR\",\"@id\":\"https:\\\/\\\/www.triumphgifts.com\\\/product\\\/custom-metal-enamel-pins\\\/#primaryimage\",\"url\":\"https:\\\/\\\/www.triumphgifts.com\\\/wp-content\\\/uploads\\\/2025\\\/06\\\/metal-enamal-pin-5.jpg\",\"contentUrl\":\"https:\\\/\\\/www.triumphgifts.com\\\/wp-content\\\/uploads\\\/2025\\\/06\\\/metal-enamal-pin-5.jpg\",\"width\":1000,\"height\":1000,\"caption\":\"Custom Metal Enamel Pins\"},{\"@type\":\"BreadcrumbList\",\"@id\":\"https:\\\/\\\/www.triumphgifts.com\\\/product\\\/custom-metal-enamel-pins\\\/#breadcrumb\",\"itemListElement\":[{\"@type\":\"ListItem\",\"position\":1,\"name\":\"\u9996\u9875\",\"item\":\"https:\\\/\\\/www.triumphgifts.com\\\/\"},{\"@type\":\"ListItem\",\"position\":2,\"name\":\"Products\",\"item\":\"https:\\\/\\\/www.triumphgifts.com\\\/shop\\\/\"},{\"@type\":\"ListItem\",\"position\":3,\"name\":\"Custom Metal Enamel Pins\"}]},{\"@type\":\"WebSite\",\"@id\":\"https:\\\/\\\/www.triumphgifts.com\\\/sk\\\/#website\",\"url\":\"https:\\\/\\\/www.triumphgifts.com\\\/sk\\\/\",\"name\":\"Custom Promotional Products, Trophies & Medals Manufacturer | Triumph Gifts\",\"description\":\"Custom Promotional Products, Trophies &amp; Medals Manufacturer | Triumph Gifts\",\"publisher\":{\"@id\":\"https:\\\/\\\/www.triumphgifts.com\\\/sk\\\/#organization\"},\"potentialAction\":[{\"@type\":\"SearchAction\",\"target\":{\"@type\":\"EntryPoint\",\"urlTemplate\":\"https:\\\/\\\/www.triumphgifts.com\\\/sk\\\/?s={search_term_string}\"},\"query-input\":{\"@type\":\"PropertyValueSpecification\",\"valueRequired\":true,\"valueName\":\"search_term_string\"}}],\"inLanguage\":\"fr-FR\"},{\"@type\":\"Organization\",\"@id\":\"https:\\\/\\\/www.triumphgifts.com\\\/sk\\\/#organization\",\"name\":\"Custom Promotional Products, Trophies & Medals Manufacturer | Triumph Gifts\",\"url\":\"https:\\\/\\\/www.triumphgifts.com\\\/sk\\\/\",\"logo\":{\"@type\":\"ImageObject\",\"inLanguage\":\"fr-FR\",\"@id\":\"https:\\\/\\\/www.triumphgifts.com\\\/sk\\\/#\\\/schema\\\/logo\\\/image\\\/\",\"url\":\"https:\\\/\\\/www.triumphgifts.com\\\/wp-content\\\/uploads\\\/2025\\\/05\\\/triumph-gifts-logo-1.png\",\"contentUrl\":\"https:\\\/\\\/www.triumphgifts.com\\\/wp-content\\\/uploads\\\/2025\\\/05\\\/triumph-gifts-logo-1.png\",\"width\":1537,\"height\":404,\"caption\":\"Custom Promotional Products, Trophies & Medals Manufacturer | Triumph Gifts\"},\"image\":{\"@id\":\"https:\\\/\\\/www.triumphgifts.com\\\/sk\\\/#\\\/schema\\\/logo\\\/image\\\/\"},\"sameAs\":[\"https:\\\/\\\/www.facebook.com\\\/customgiftsmanufacturers\",\"https:\\\/\\\/www.youtube.com\\\/@customsouvenirs\",\"https:\\\/\\\/www.pinterest.com\\\/custompromotionalproducts\\\/\",\"https:\\\/\\\/www.linkedin.com\\\/company\\\/customgiftsupplier\\\/\"]}]}<\/script>\n<!-- \/ Yoast SEO plugin. -->","yoast_head_json":{"title":"\u00c9pingles en m\u00e9tal \u00e9maill\u00e9 personnalis\u00e9es","description":"Donnez vie \u00e0 vos id\u00e9es avec nos \u00e9pingles en m\u00e9tal \u00e9maill\u00e9 personnalis\u00e9es, con\u00e7ues pour offrir des couleurs \u00e9clatantes, des d\u00e9tails fins et une qualit\u00e9 durable. Id\u00e9aux pour les marques, les \u00e9v\u00e9nements, les collectionneurs et les cadeaux publicitaires, les pins \u00e9maill\u00e9s personnalis\u00e9s sont disponibles en \u00e9mail doux et en \u00e9mail dur.","robots":{"index":"index","follow":"follow","max-snippet":"max-snippet:-1","max-image-preview":"max-image-preview:large","max-video-preview":"max-video-preview:-1"},"canonical":"https:\/\/www.triumphgifts.com\/fr\/produit\/epingles-en-metal-emaille-personnalisees\/","og_locale":"fr_FR","og_type":"article","og_title":"Custom Metal Enamel Pins","og_description":"Bring your ideas to life with our custom metal enamel pins, designed for vibrant color, fine detail, and lasting quality. Ideal for brands, events, collectors, and giveaways, custom enamel pins are available in both soft and hard enamel finishes.","og_url":"https:\/\/www.triumphgifts.com\/fr\/produit\/epingles-en-metal-emaille-personnalisees\/","og_site_name":"Custom Promotional Products, Trophies &amp; Medals Manufacturer | Triumph Gifts","article_publisher":"https:\/\/www.facebook.com\/customgiftsmanufacturers","article_modified_time":"2025-06-25T07:17:37+00:00","og_image":[{"width":1000,"height":1000,"url":"https:\/\/www.triumphgifts.com\/wp-content\/uploads\/2025\/06\/metal-enamal-pin-5.jpg","type":"image\/jpeg"}],"twitter_card":"summary_large_image","twitter_misc":{"Dur\u00e9e de lecture estim\u00e9e":"1 minute"},"schema":{"@context":"https:\/\/schema.org","@graph":[{"@type":"WebPage","@id":"https:\/\/www.triumphgifts.com\/product\/custom-metal-enamel-pins\/","url":"https:\/\/www.triumphgifts.com\/product\/custom-metal-enamel-pins\/","name":"\u00c9pingles en m\u00e9tal \u00e9maill\u00e9 personnalis\u00e9es","isPartOf":{"@id":"https:\/\/www.triumphgifts.com\/sk\/#website"},"primaryImageOfPage":{"@id":"https:\/\/www.triumphgifts.com\/product\/custom-metal-enamel-pins\/#primaryimage"},"image":{"@id":"https:\/\/www.triumphgifts.com\/product\/custom-metal-enamel-pins\/#primaryimage"},"thumbnailUrl":"https:\/\/www.triumphgifts.com\/wp-content\/uploads\/2025\/06\/metal-enamal-pin-5.jpg","datePublished":"2025-06-20T08:26:24+00:00","dateModified":"2025-06-25T07:17:37+00:00","description":"Donnez vie \u00e0 vos id\u00e9es avec nos \u00e9pingles en m\u00e9tal \u00e9maill\u00e9 personnalis\u00e9es, con\u00e7ues pour offrir des couleurs \u00e9clatantes, des d\u00e9tails fins et une qualit\u00e9 durable. Id\u00e9aux pour les marques, les \u00e9v\u00e9nements, les collectionneurs et les cadeaux publicitaires, les pins \u00e9maill\u00e9s personnalis\u00e9s sont disponibles en \u00e9mail doux et en \u00e9mail dur.","breadcrumb":{"@id":"https:\/\/www.triumphgifts.com\/product\/custom-metal-enamel-pins\/#breadcrumb"},"inLanguage":"fr-FR","potentialAction":[{"@type":"ReadAction","target":["https:\/\/www.triumphgifts.com\/product\/custom-metal-enamel-pins\/"]}]},{"@type":"ImageObject","inLanguage":"fr-FR","@id":"https:\/\/www.triumphgifts.com\/product\/custom-metal-enamel-pins\/#primaryimage","url":"https:\/\/www.triumphgifts.com\/wp-content\/uploads\/2025\/06\/metal-enamal-pin-5.jpg","contentUrl":"https:\/\/www.triumphgifts.com\/wp-content\/uploads\/2025\/06\/metal-enamal-pin-5.jpg","width":1000,"height":1000,"caption":"Custom Metal Enamel Pins"},{"@type":"BreadcrumbList","@id":"https:\/\/www.triumphgifts.com\/product\/custom-metal-enamel-pins\/#breadcrumb","itemListElement":[{"@type":"ListItem","position":1,"name":"\u9996\u9875","item":"https:\/\/www.triumphgifts.com\/"},{"@type":"ListItem","position":2,"name":"Products","item":"https:\/\/www.triumphgifts.com\/shop\/"},{"@type":"ListItem","position":3,"name":"Custom Metal Enamel Pins"}]},{"@type":"WebSite","@id":"https:\/\/www.triumphgifts.com\/sk\/#website","url":"https:\/\/www.triumphgifts.com\/sk\/","name":"Fabricant d'articles promotionnels personnalis\u00e9s, de troph\u00e9es et de m\u00e9dailles | Triumph Gifts","description":"Fabricant d'articles promotionnels personnalis\u00e9s, de troph\u00e9es et de m\u00e9dailles | Triumph Gifts","publisher":{"@id":"https:\/\/www.triumphgifts.com\/sk\/#organization"},"potentialAction":[{"@type":"SearchAction","target":{"@type":"EntryPoint","urlTemplate":"https:\/\/www.triumphgifts.com\/sk\/?s={search_term_string}"},"query-input":{"@type":"PropertyValueSpecification","valueRequired":true,"valueName":"search_term_string"}}],"inLanguage":"fr-FR"},{"@type":"Organization","@id":"https:\/\/www.triumphgifts.com\/sk\/#organization","name":"Fabricant d'articles promotionnels personnalis\u00e9s, de troph\u00e9es et de m\u00e9dailles | Triumph Gifts","url":"https:\/\/www.triumphgifts.com\/sk\/","logo":{"@type":"ImageObject","inLanguage":"fr-FR","@id":"https:\/\/www.triumphgifts.com\/sk\/#\/schema\/logo\/image\/","url":"https:\/\/www.triumphgifts.com\/wp-content\/uploads\/2025\/05\/triumph-gifts-logo-1.png","contentUrl":"https:\/\/www.triumphgifts.com\/wp-content\/uploads\/2025\/05\/triumph-gifts-logo-1.png","width":1537,"height":404,"caption":"Custom Promotional Products, Trophies & Medals Manufacturer | Triumph Gifts"},"image":{"@id":"https:\/\/www.triumphgifts.com\/sk\/#\/schema\/logo\/image\/"},"sameAs":["https:\/\/www.facebook.com\/customgiftsmanufacturers","https:\/\/www.youtube.com\/@customsouvenirs","https:\/\/www.pinterest.com\/custompromotionalproducts\/","https:\/\/www.linkedin.com\/company\/customgiftsupplier\/"]}]}},"_links":{"self":[{"href":"https:\/\/www.triumphgifts.com\/fr\/wp-json\/wp\/v2\/product\/1124","targetHints":{"allow":["GET"]}}],"collection":[{"href":"https:\/\/www.triumphgifts.com\/fr\/wp-json\/wp\/v2\/product"}],"about":[{"href":"https:\/\/www.triumphgifts.com\/fr\/wp-json\/wp\/v2\/types\/product"}],"replies":[{"embeddable":true,"href":"https:\/\/www.triumphgifts.com\/fr\/wp-json\/wp\/v2\/comments?post=1124"}],"version-history":[{"count":0,"href":"https:\/\/www.triumphgifts.com\/fr\/wp-json\/wp\/v2\/product\/1124\/revisions"}],"wp:featuredmedia":[{"embeddable":true,"href":"https:\/\/www.triumphgifts.com\/fr\/wp-json\/wp\/v2\/media\/1128"}],"wp:attachment":[{"href":"https:\/\/www.triumphgifts.com\/fr\/wp-json\/wp\/v2\/media?parent=1124"}],"wp:term":[{"taxonomy":"product_brand","embeddable":true,"href":"https:\/\/www.triumphgifts.com\/fr\/wp-json\/wp\/v2\/product_brand?post=1124"},{"taxonomy":"product_cat","embeddable":true,"href":"https:\/\/www.triumphgifts.com\/fr\/wp-json\/wp\/v2\/product_cat?post=1124"},{"taxonomy":"product_tag","embeddable":true,"href":"https:\/\/www.triumphgifts.com\/fr\/wp-json\/wp\/v2\/product_tag?post=1124"}],"curies":[{"name":"wp","href":"https:\/\/api.w.org\/{rel}","templated":true}]}}