{"id":1970,"date":"2025-07-08T10:30:27","date_gmt":"2025-07-08T10:30:27","guid":{"rendered":"https:\/\/www.triumphgifts.com\/?post_type=product&#038;p=1970"},"modified":"2026-03-23T15:39:18","modified_gmt":"2026-03-23T15:39:18","slug":"distinguished-service-medals-2","status":"publish","type":"product","link":"https:\/\/www.triumphgifts.com\/de\/produkt\/distinguished-service-medals-2\/","title":{"rendered":"Distinguished Service Medals"},"content":{"rendered":"<div data-elementor-type=\"product-post\" data-elementor-id=\"1970\" class=\"elementor elementor-1970\" data-elementor-post-type=\"product\">\n\t\t\t\t<div class=\"elementor-element elementor-element-aea90c0 e-flex e-con-boxed e-con e-parent\" data-id=\"aea90c0\" data-element_type=\"container\" data-e-type=\"container\" data-settings=\"{&quot;ekit_has_onepagescroll_dot&quot;:&quot;yes&quot;}\">\n\t\t\t\t\t<div class=\"e-con-inner\">\n\t\t<div class=\"elementor-element elementor-element-98ee18b e-con-full e-flex e-con e-child\" data-id=\"98ee18b\" data-element_type=\"container\" data-e-type=\"container\" data-settings=\"{&quot;ekit_has_onepagescroll_dot&quot;:&quot;yes&quot;}\">\n\t\t\t\t<div class=\"elementor-element elementor-element-0b1aefc elementor-widget elementor-widget-heading\" data-id=\"0b1aefc\" data-element_type=\"widget\" data-e-type=\"widget\" data-settings=\"{&quot;ekit_we_effect_on&quot;:&quot;none&quot;}\" data-widget_type=\"heading.default\">\n\t\t\t\t<div class=\"elementor-widget-container\">\n\t\t\t\t\t<h2 class=\"elementor-heading-title elementor-size-default\">Individuelle 3D-Ehrenmedaillen<\/h2>\t\t\t\t<\/div>\n\t\t\t\t<\/div>\n\t\t\t\t<div class=\"elementor-element elementor-element-7c03efc elementor-widget elementor-widget-video\" data-id=\"7c03efc\" data-element_type=\"widget\" data-e-type=\"widget\" data-settings=\"{&quot;youtube_url&quot;:&quot;https:\\\/\\\/youtu.be\\\/OcV_IDqimQo?si=xmXExiTNCL89VWnt&quot;,&quot;video_type&quot;:&quot;youtube&quot;,&quot;controls&quot;:&quot;yes&quot;,&quot;ekit_we_effect_on&quot;:&quot;none&quot;}\" data-widget_type=\"video.default\">\n\t\t\t\t<div class=\"elementor-widget-container\">\n\t\t\t\t\t\t\t<div class=\"elementor-wrapper elementor-open-inline\">\n\t\t\t<div class=\"elementor-video\"><\/div>\t\t<\/div>\n\t\t\t\t\t\t<\/div>\n\t\t\t\t<\/div>\n\t\t\t\t<div class=\"elementor-element elementor-element-2b3c146 elementor-widget elementor-widget-text-editor\" data-id=\"2b3c146\" data-element_type=\"widget\" data-e-type=\"widget\" data-settings=\"{&quot;ekit_we_effect_on&quot;:&quot;none&quot;}\" data-widget_type=\"text-editor.default\">\n\t\t\t\t<div class=\"elementor-widget-container\">\n\t\t\t\t\t\t\t\t\t<p data-start=\"670\" data-end=\"1023\">Mit unseren Distinguished Service Medals werden herausragende Leistungen, F\u00fchrungsqualit\u00e4ten und langj\u00e4hriges Engagement in den Bereichen Milit\u00e4r, Strafverfolgung und \u00f6ffentlicher Dienst gew\u00fcrdigt. Egal, ob sie f\u00fcr die Landesverteidigung, organisatorische Meilensteine oder die zivile Unterst\u00fctzung der Streitkr\u00e4fte verliehen werden, diese Medaillen stellen die h\u00f6chste Stufe des Respekts und der formalen Anerkennung dar.<\/p><p data-start=\"1025\" data-end=\"1323\">Bei Triumph Gifts bieten wir eine breite Palette von M\u00f6glichkeiten zur individuellen Gestaltung an, um das Prestige jeder Auszeichnung widerzuspiegeln. Von benutzerdefinierten Formen und mehrstufigen 3D-Reliefs bis hin zu speziellen Veredelungen wie satiniertem Gold oder antikem Silber wird jedes Detail so gestaltet, dass es zu Ihrem offiziellen Protokoll oder Ihrer zeremoniellen Tradition passt.<\/p><p data-start=\"1325\" data-end=\"1595\">Medaillen k\u00f6nnen aus gestanzter Bronze oder rotem Kupfer f\u00fcr Pr\u00e4zision und Tiefe oder aus einer Zinkdruckgusslegierung f\u00fcr kompliziertere und dimensionalere Designs hergestellt werden. Farbliche Veredelungen wie Emaille, Harz oder Klarlack erwecken Ihr Emblem oder Abzeichen zum Leben.<\/p><p data-start=\"1597\" data-end=\"1889\">Wir liefern auch passende Bandstangen und bieten sowohl vorr\u00e4tige Bandfarben als auch individuell gewebte B\u00e4nder auf der Grundlage offizieller Standards. Ganz gleich, ob Sie eine einmalige Regierungsmedaille oder eine gro\u00df angelegte Milit\u00e4rausgabe erstellen, wir unterst\u00fctzen Ihr Projekt mit Qualit\u00e4t, Schnelligkeit und Professionalit\u00e4t.<\/p>\t\t\t\t\t\t\t\t<\/div>\n\t\t\t\t<\/div>\n\t\t\t\t<div class=\"elementor-element elementor-element-6e3c96d elementor-widget elementor-widget-heading\" data-id=\"6e3c96d\" data-element_type=\"widget\" data-e-type=\"widget\" data-settings=\"{&quot;ekit_we_effect_on&quot;:&quot;none&quot;}\" data-widget_type=\"heading.default\">\n\t\t\t\t<div class=\"elementor-widget-container\">\n\t\t\t\t\t<h2 class=\"elementor-heading-title elementor-size-default\">Spezifikationen<\/h2>\t\t\t\t<\/div>\n\t\t\t\t<\/div>\n\t\t\t\t<div class=\"elementor-element elementor-element-039672c elementor-widget elementor-widget-text-editor\" data-id=\"039672c\" data-element_type=\"widget\" data-e-type=\"widget\" data-settings=\"{&quot;ekit_we_effect_on&quot;:&quot;none&quot;}\" data-widget_type=\"text-editor.default\">\n\t\t\t\t<div class=\"elementor-widget-container\">\n\t\t\t\t\t\t\t\t\t<ul><li data-start=\"1922\" data-end=\"1967\">Entwickelt f\u00fcr die Anerkennung von Dienstleistungen auf hohem Niveau<\/li><li data-start=\"1970\" data-end=\"2013\">Individuelles Logo, Text und Abzeichen verf\u00fcgbar<\/li><li data-start=\"2016\" data-end=\"2073\">Gestanzt (Bronze\/Kupfer) oder druckgegossen (Zinklegierung)<\/li><li data-start=\"2076\" data-end=\"2120\">Mehrdimensionale oder flache Medaillenstrukturen<\/li><li data-start=\"2123\" data-end=\"2179\">Individuelle Formen (rund, oval, Stern, Wappen, Schild usw.)<\/li><li data-start=\"2182\" data-end=\"2261\">Beschichtungsoptionen: Gold, Nickel, Antiksilber, Rotkupfer, satinierte Oberfl\u00e4chen<\/li><li data-start=\"2264\" data-end=\"2333\">F\u00e4rbung: Emaille, Epoxid, Druck, transparenter Lack, oder einfaches Metall<\/li><li data-start=\"2336\" data-end=\"2384\">Kompatibel mit benutzerdefinierten oder Standard-Farbbandschienen<\/li><li data-start=\"2387\" data-end=\"2427\">Modelle von Farbbandst\u00e4ben: C17-1 bis C17-10<\/li><\/ul>\t\t\t\t\t\t\t\t<\/div>\n\t\t\t\t<\/div>\n\t\t\t\t<div class=\"elementor-element elementor-element-59f2485 elementor-widget elementor-widget-image\" data-id=\"59f2485\" data-element_type=\"widget\" data-e-type=\"widget\" data-settings=\"{&quot;ekit_we_effect_on&quot;:&quot;none&quot;}\" data-widget_type=\"image.default\">\n\t\t\t\t<div class=\"elementor-widget-container\">\n\t\t\t\t\t\t\t\t\t\t\t\t\t\t\t<img fetchpriority=\"high\" decoding=\"async\" width=\"1024\" height=\"666\" src=\"https:\/\/spcdn.shortpixel.ai\/spio\/ret_img,q_cdnize,to_auto,s_webp:avif\/www.triumphgifts.com\/wp-content\/uploads\/2025\/06\/Ribbon-of-Military-Medals-1024x666.jpg\" class=\"attachment-large size-large wp-image-1984\" alt=\"Red, white, blue ribbon with gold pin; customizable promotional ribbons and medals; professional quality medals and ribbons for awards and recognition; high-quality promotional medals for events and achievements; relevance.\" srcset=\"https:\/\/spcdn.shortpixel.ai\/spio\/ret_img,q_cdnize,to_auto,s_webp:avif\/www.triumphgifts.com\/wp-content\/uploads\/2025\/06\/Ribbon-of-Military-Medals-1024x666.jpg 1024w, https:\/\/spcdn.shortpixel.ai\/spio\/ret_img,q_cdnize,to_auto,s_webp:avif\/www.triumphgifts.com\/wp-content\/uploads\/2025\/06\/Ribbon-of-Military-Medals-300x195.jpg 300w, https:\/\/spcdn.shortpixel.ai\/spio\/ret_img,q_cdnize,to_auto,s_webp:avif\/www.triumphgifts.com\/wp-content\/uploads\/2025\/06\/Ribbon-of-Military-Medals-768x500.jpg 768w, https:\/\/spcdn.shortpixel.ai\/spio\/ret_img,q_cdnize,to_auto,s_webp:avif\/www.triumphgifts.com\/wp-content\/uploads\/2025\/06\/Ribbon-of-Military-Medals-1536x1000.jpg 1536w, https:\/\/spcdn.shortpixel.ai\/spio\/ret_img,q_cdnize,to_auto,s_webp:avif\/www.triumphgifts.com\/wp-content\/uploads\/2025\/06\/Ribbon-of-Military-Medals-2048x1333.jpg 2048w, https:\/\/spcdn.shortpixel.ai\/spio\/ret_img,q_cdnize,to_auto,s_webp:avif\/www.triumphgifts.com\/wp-content\/uploads\/2025\/06\/Ribbon-of-Military-Medals-600x390.jpg 600w\" sizes=\"(max-width: 1024px) 100vw, 1024px\" \/>\t\t\t\t\t\t\t\t\t\t\t\t\t\t\t<\/div>\n\t\t\t\t<\/div>\n\t\t\t\t<\/div>\n\t\t\t\t\t<\/div>\n\t\t\t\t<\/div>\n\t\t<div class=\"elementor-element elementor-element-a7b0730 e-flex e-con-boxed e-con e-parent\" data-id=\"a7b0730\" data-element_type=\"container\" data-e-type=\"container\" data-settings=\"{&quot;ekit_has_onepagescroll_dot&quot;:&quot;yes&quot;}\">\n\t\t\t\t\t<div class=\"e-con-inner\">\n\t\t\t\t<div class=\"elementor-element elementor-element-f4aeb6b elementor-widget elementor-widget-heading\" data-id=\"f4aeb6b\" data-element_type=\"widget\" data-e-type=\"widget\" data-settings=\"{&quot;ekit_we_effect_on&quot;:&quot;none&quot;}\" data-widget_type=\"heading.default\">\n\t\t\t\t<div class=\"elementor-widget-container\">\n\t\t\t\t\t<h2 class=\"elementor-heading-title elementor-size-default\">Warum Triumph Gifts w\u00e4hlen?<\/h2>\t\t\t\t<\/div>\n\t\t\t\t<\/div>\n\t\t\t\t<div class=\"elementor-element elementor-element-dd0df9e elementor-widget elementor-widget-text-editor\" data-id=\"dd0df9e\" data-element_type=\"widget\" data-e-type=\"widget\" data-settings=\"{&quot;ekit_we_effect_on&quot;:&quot;none&quot;}\" data-widget_type=\"text-editor.default\">\n\t\t\t\t<div class=\"elementor-widget-container\">\n\t\t\t\t\t\t\t\t\t<ul><li data-start=\"2717\" data-end=\"2753\">\u00dcber 40 Jahre Erfahrung mit Milit\u00e4r- und Dienstmedaillen nach Ma\u00df<\/li><li data-start=\"2827\" data-end=\"2890\">Druckguss, Polieren, Emaillef\u00fcllung und Montage im eigenen Haus<\/li><li data-start=\"2893\" data-end=\"2959\">Strenge Qualit\u00e4tskontrollen, die sicherstellen, dass jedes St\u00fcck den hohen Standards entspricht<\/li><li data-start=\"2962\" data-end=\"3024\">Flexible Produktion f\u00fcr Kleinserien und Gro\u00dfserienauftr\u00e4ge<\/li><li data-start=\"3027\" data-end=\"3093\">Professionelle Unterst\u00fctzung bei Designentwicklung und Auftragsmanagement<\/li><li data-start=\"3094\" data-end=\"3148\"><p data-start=\"3096\" data-end=\"3148\">Weltweiter Versand und zuverl\u00e4ssige Lieferfristen<\/p><\/li><\/ul>\t\t\t\t\t\t\t\t<\/div>\n\t\t\t\t<\/div>\n\t\t\t\t\t<\/div>\n\t\t\t\t<\/div>\n\t\t\t\t<\/div>","protected":false},"excerpt":{"rendered":"<h3 style=\"margin-bottom: 16px;\">Individuelle Emaille-Milit\u00e4rmedaillen<\/h3>\n<p>W\u00fcrdigen Sie au\u00dfergew\u00f6hnliches Engagement und Leistungen mit unserer Distinguished Service Medal mit Hart-Emaille-Details. Triumph Gifts hat sich auf die Herstellung hochwertiger Medaillen spezialisiert, die den Test der Zeit bestehen. Sie kombinieren raffinierte Handwerkskunst und lebendige Emailleoberfl\u00e4chen, die perfekt f\u00fcr offizielle Zeremonien und Gedenkveranstaltungen sind.<\/p>","protected":false},"featured_media":1967,"comment_status":"open","ping_status":"closed","template":"","meta":{"site-sidebar-layout":"no-sidebar","site-content-layout":"","ast-site-content-layout":"full-width-container","site-content-style":"default","site-sidebar-style":"default","ast-global-header-display":"","ast-banner-title-visibility":"","ast-main-header-display":"","ast-hfb-above-header-display":"","ast-hfb-below-header-display":"","ast-hfb-mobile-header-display":"","site-post-title":"disabled","ast-breadcrumbs-content":"","ast-featured-img":"disabled","footer-sml-layout":"","ast-disable-related-posts":"","theme-transparent-header-meta":"default","adv-header-id-meta":"","stick-header-meta":"","header-above-stick-meta":"","header-main-stick-meta":"","header-below-stick-meta":"","astra-migrate-meta-layouts":"set","ast-page-background-enabled":"default","ast-page-background-meta":{"desktop":{"background-color":"var(--ast-global-color-5)","background-image":"","background-repeat":"repeat","background-position":"center center","background-size":"auto","background-attachment":"scroll","background-type":"","background-media":"","overlay-type":"","overlay-color":"","overlay-opacity":"","overlay-gradient":""},"tablet":{"background-color":"","background-image":"","background-repeat":"repeat","background-position":"center center","background-size":"auto","background-attachment":"scroll","background-type":"","background-media":"","overlay-type":"","overlay-color":"","overlay-opacity":"","overlay-gradient":""},"mobile":{"background-color":"","background-image":"","background-repeat":"repeat","background-position":"center center","background-size":"auto","background-attachment":"scroll","background-type":"","background-media":"","overlay-type":"","overlay-color":"","overlay-opacity":"","overlay-gradient":""}},"ast-content-background-meta":{"desktop":{"background-color":"var(--ast-global-color-4)","background-image":"","background-repeat":"repeat","background-position":"center center","background-size":"auto","background-attachment":"scroll","background-type":"","background-media":"","overlay-type":"","overlay-color":"","overlay-opacity":"","overlay-gradient":""},"tablet":{"background-color":"var(--ast-global-color-4)","background-image":"","background-repeat":"repeat","background-position":"center center","background-size":"auto","background-attachment":"scroll","background-type":"","background-media":"","overlay-type":"","overlay-color":"","overlay-opacity":"","overlay-gradient":""},"mobile":{"background-color":"var(--ast-global-color-4)","background-image":"","background-repeat":"repeat","background-position":"center center","background-size":"auto","background-attachment":"scroll","background-type":"","background-media":"","overlay-type":"","overlay-color":"","overlay-opacity":"","overlay-gradient":""}}},"product_brand":[],"product_cat":[33,239,2751,32],"product_tag":[275,240,274,277,279,278,276],"class_list":{"0":"post-1970","1":"product","2":"type-product","3":"status-publish","4":"has-post-thumbnail","6":"product_cat-custom-medals","7":"product_cat-custom-military-medals","8":"product_cat-custom-premium-medals","9":"product_cat-metal-products","10":"product_tag-custom-enamel-military-medals","11":"product_tag-custom-military-medals","12":"product_tag-distinguished-service-medals","13":"product_tag-hard-enamel-medals-manufacturer","14":"product_tag-military-commendation-medals","15":"product_tag-personalized-distinguished-medals","16":"product_tag-premium-service-recognition-awards","17":"desktop-align-left","18":"tablet-align-left","19":"mobile-align-left","21":"first","22":"instock","23":"shipping-taxable","24":"product-type-simple"},"yoast_head":"<!-- This site is optimized with the Yoast SEO plugin v27.5 - https:\/\/yoast.com\/product\/yoast-seo-wordpress\/ -->\n<title>Distinguished Service Medals \u2013 Military Awards Manufacturer<\/title>\n<meta name=\"description\" content=\"Factory-direct custom distinguished service medals. Made from bronze, copper, or zinc alloy with plating and ribbon options.\" \/>\n<meta name=\"robots\" content=\"index, follow, max-snippet:-1, max-image-preview:large, max-video-preview:-1\" \/>\n<link rel=\"canonical\" href=\"https:\/\/www.triumphgifts.com\/de\/produkt\/distinguished-service-medals-2\/\" \/>\n<meta property=\"og:locale\" content=\"de_DE\" \/>\n<meta property=\"og:type\" content=\"article\" \/>\n<meta property=\"og:title\" content=\"Distinguished Service Medals \u2013 Military Awards Manufacturer\" \/>\n<meta property=\"og:description\" content=\"Factory-direct custom distinguished service medals. Made from bronze, copper, or zinc alloy with plating and ribbon options.\" \/>\n<meta property=\"og:url\" content=\"https:\/\/www.triumphgifts.com\/de\/produkt\/distinguished-service-medals-2\/\" \/>\n<meta property=\"og:site_name\" content=\"Custom Promotional Products, Trophies &amp; Medals Manufacturer | Triumph Gifts\" \/>\n<meta property=\"article:publisher\" content=\"https:\/\/www.facebook.com\/customgiftsmanufacturers\" \/>\n<meta property=\"article:modified_time\" content=\"2026-03-23T15:39:18+00:00\" \/>\n<meta property=\"og:image\" content=\"https:\/\/www.triumphgifts.com\/wp-content\/uploads\/2025\/06\/Distinguished-Service-Medals-1.jpg\" \/>\n\t<meta property=\"og:image:width\" content=\"750\" \/>\n\t<meta property=\"og:image:height\" content=\"750\" \/>\n\t<meta property=\"og:image:type\" content=\"image\/jpeg\" \/>\n<meta name=\"twitter:card\" content=\"summary_large_image\" \/>\n<meta name=\"twitter:label1\" content=\"Gesch\u00e4tzte Lesezeit\" \/>\n\t<meta name=\"twitter:data1\" content=\"2\u00a0Minuten\" \/>\n<script type=\"application\/ld+json\" class=\"yoast-schema-graph\">{\"@context\":\"https:\\\/\\\/schema.org\",\"@graph\":[{\"@type\":\"WebPage\",\"@id\":\"https:\\\/\\\/www.triumphgifts.com\\\/product\\\/distinguished-service-medals-2\\\/\",\"url\":\"https:\\\/\\\/www.triumphgifts.com\\\/product\\\/distinguished-service-medals-2\\\/\",\"name\":\"Distinguished Service Medals \u2013 Military Awards Manufacturer\",\"isPartOf\":{\"@id\":\"https:\\\/\\\/www.triumphgifts.com\\\/sk\\\/#website\"},\"primaryImageOfPage\":{\"@id\":\"https:\\\/\\\/www.triumphgifts.com\\\/product\\\/distinguished-service-medals-2\\\/#primaryimage\"},\"image\":{\"@id\":\"https:\\\/\\\/www.triumphgifts.com\\\/product\\\/distinguished-service-medals-2\\\/#primaryimage\"},\"thumbnailUrl\":\"https:\\\/\\\/www.triumphgifts.com\\\/wp-content\\\/uploads\\\/2025\\\/06\\\/Distinguished-Service-Medals-1.jpg\",\"datePublished\":\"2025-07-08T10:30:27+00:00\",\"dateModified\":\"2026-03-23T15:39:18+00:00\",\"description\":\"Factory-direct custom distinguished service medals. Made from bronze, copper, or zinc alloy with plating and ribbon options.\",\"breadcrumb\":{\"@id\":\"https:\\\/\\\/www.triumphgifts.com\\\/product\\\/distinguished-service-medals-2\\\/#breadcrumb\"},\"inLanguage\":\"de\",\"potentialAction\":[{\"@type\":\"ReadAction\",\"target\":[\"https:\\\/\\\/www.triumphgifts.com\\\/product\\\/distinguished-service-medals-2\\\/\"]}]},{\"@type\":\"ImageObject\",\"inLanguage\":\"de\",\"@id\":\"https:\\\/\\\/www.triumphgifts.com\\\/product\\\/distinguished-service-medals-2\\\/#primaryimage\",\"url\":\"https:\\\/\\\/www.triumphgifts.com\\\/wp-content\\\/uploads\\\/2025\\\/06\\\/Distinguished-Service-Medals-1.jpg\",\"contentUrl\":\"https:\\\/\\\/www.triumphgifts.com\\\/wp-content\\\/uploads\\\/2025\\\/06\\\/Distinguished-Service-Medals-1.jpg\",\"width\":750,\"height\":750,\"caption\":\"Elegant star-shaped medal with custom logo and inscriptions, suitable for awards and trophies. Made of high-quality materials, ideal for recognizing excellence at various events and competitions.\"},{\"@type\":\"BreadcrumbList\",\"@id\":\"https:\\\/\\\/www.triumphgifts.com\\\/product\\\/distinguished-service-medals-2\\\/#breadcrumb\",\"itemListElement\":[{\"@type\":\"ListItem\",\"position\":1,\"name\":\"\u9996\u9875\",\"item\":\"https:\\\/\\\/www.triumphgifts.com\\\/\"},{\"@type\":\"ListItem\",\"position\":2,\"name\":\"Products\",\"item\":\"https:\\\/\\\/www.triumphgifts.com\\\/shop\\\/\"},{\"@type\":\"ListItem\",\"position\":3,\"name\":\"Distinguished Service Medals\"}]},{\"@type\":\"WebSite\",\"@id\":\"https:\\\/\\\/www.triumphgifts.com\\\/sk\\\/#website\",\"url\":\"https:\\\/\\\/www.triumphgifts.com\\\/sk\\\/\",\"name\":\"Custom Promotional Products, Trophies & Medals Manufacturer | Triumph Gifts\",\"description\":\"Custom Promotional Products, Trophies &amp; Medals Manufacturer | Triumph Gifts\",\"publisher\":{\"@id\":\"https:\\\/\\\/www.triumphgifts.com\\\/sk\\\/#organization\"},\"potentialAction\":[{\"@type\":\"SearchAction\",\"target\":{\"@type\":\"EntryPoint\",\"urlTemplate\":\"https:\\\/\\\/www.triumphgifts.com\\\/sk\\\/?s={search_term_string}\"},\"query-input\":{\"@type\":\"PropertyValueSpecification\",\"valueRequired\":true,\"valueName\":\"search_term_string\"}}],\"inLanguage\":\"de\"},{\"@type\":\"Organization\",\"@id\":\"https:\\\/\\\/www.triumphgifts.com\\\/sk\\\/#organization\",\"name\":\"Custom Promotional Products, Trophies & Medals Manufacturer | Triumph Gifts\",\"url\":\"https:\\\/\\\/www.triumphgifts.com\\\/sk\\\/\",\"logo\":{\"@type\":\"ImageObject\",\"inLanguage\":\"de\",\"@id\":\"https:\\\/\\\/www.triumphgifts.com\\\/sk\\\/#\\\/schema\\\/logo\\\/image\\\/\",\"url\":\"https:\\\/\\\/www.triumphgifts.com\\\/wp-content\\\/uploads\\\/2025\\\/05\\\/triumph-gifts-logo-1.png\",\"contentUrl\":\"https:\\\/\\\/www.triumphgifts.com\\\/wp-content\\\/uploads\\\/2025\\\/05\\\/triumph-gifts-logo-1.png\",\"width\":1537,\"height\":404,\"caption\":\"Custom Promotional Products, Trophies & Medals Manufacturer | Triumph Gifts\"},\"image\":{\"@id\":\"https:\\\/\\\/www.triumphgifts.com\\\/sk\\\/#\\\/schema\\\/logo\\\/image\\\/\"},\"sameAs\":[\"https:\\\/\\\/www.facebook.com\\\/customgiftsmanufacturers\",\"https:\\\/\\\/www.youtube.com\\\/@customsouvenirs\",\"https:\\\/\\\/www.pinterest.com\\\/custompromotionalproducts\\\/\",\"https:\\\/\\\/www.linkedin.com\\\/company\\\/customgiftsupplier\\\/\"]}]}<\/script>\n<!-- \/ Yoast SEO plugin. -->","yoast_head_json":{"title":"Distinguished Service Medals \u2013 Military Awards Manufacturer","description":"Factory-direct custom distinguished service medals. Made from bronze, copper, or zinc alloy with plating and ribbon options.","robots":{"index":"index","follow":"follow","max-snippet":"max-snippet:-1","max-image-preview":"max-image-preview:large","max-video-preview":"max-video-preview:-1"},"canonical":"https:\/\/www.triumphgifts.com\/de\/produkt\/distinguished-service-medals-2\/","og_locale":"de_DE","og_type":"article","og_title":"Distinguished Service Medals \u2013 Military Awards Manufacturer","og_description":"Factory-direct custom distinguished service medals. Made from bronze, copper, or zinc alloy with plating and ribbon options.","og_url":"https:\/\/www.triumphgifts.com\/de\/produkt\/distinguished-service-medals-2\/","og_site_name":"Custom Promotional Products, Trophies &amp; Medals Manufacturer | Triumph Gifts","article_publisher":"https:\/\/www.facebook.com\/customgiftsmanufacturers","article_modified_time":"2026-03-23T15:39:18+00:00","og_image":[{"width":750,"height":750,"url":"https:\/\/www.triumphgifts.com\/wp-content\/uploads\/2025\/06\/Distinguished-Service-Medals-1.jpg","type":"image\/jpeg"}],"twitter_card":"summary_large_image","twitter_misc":{"Gesch\u00e4tzte Lesezeit":"2\u00a0Minuten"},"schema":{"@context":"https:\/\/schema.org","@graph":[{"@type":"WebPage","@id":"https:\/\/www.triumphgifts.com\/product\/distinguished-service-medals-2\/","url":"https:\/\/www.triumphgifts.com\/product\/distinguished-service-medals-2\/","name":"Distinguished Service Medals \u2013 Military Awards Manufacturer","isPartOf":{"@id":"https:\/\/www.triumphgifts.com\/sk\/#website"},"primaryImageOfPage":{"@id":"https:\/\/www.triumphgifts.com\/product\/distinguished-service-medals-2\/#primaryimage"},"image":{"@id":"https:\/\/www.triumphgifts.com\/product\/distinguished-service-medals-2\/#primaryimage"},"thumbnailUrl":"https:\/\/www.triumphgifts.com\/wp-content\/uploads\/2025\/06\/Distinguished-Service-Medals-1.jpg","datePublished":"2025-07-08T10:30:27+00:00","dateModified":"2026-03-23T15:39:18+00:00","description":"Factory-direct custom distinguished service medals. Made from bronze, copper, or zinc alloy with plating and ribbon options.","breadcrumb":{"@id":"https:\/\/www.triumphgifts.com\/product\/distinguished-service-medals-2\/#breadcrumb"},"inLanguage":"de","potentialAction":[{"@type":"ReadAction","target":["https:\/\/www.triumphgifts.com\/product\/distinguished-service-medals-2\/"]}]},{"@type":"ImageObject","inLanguage":"de","@id":"https:\/\/www.triumphgifts.com\/product\/distinguished-service-medals-2\/#primaryimage","url":"https:\/\/www.triumphgifts.com\/wp-content\/uploads\/2025\/06\/Distinguished-Service-Medals-1.jpg","contentUrl":"https:\/\/www.triumphgifts.com\/wp-content\/uploads\/2025\/06\/Distinguished-Service-Medals-1.jpg","width":750,"height":750,"caption":"Elegant star-shaped medal with custom logo and inscriptions, suitable for awards and trophies. Made of high-quality materials, ideal for recognizing excellence at various events and competitions."},{"@type":"BreadcrumbList","@id":"https:\/\/www.triumphgifts.com\/product\/distinguished-service-medals-2\/#breadcrumb","itemListElement":[{"@type":"ListItem","position":1,"name":"\u9996\u9875","item":"https:\/\/www.triumphgifts.com\/"},{"@type":"ListItem","position":2,"name":"Products","item":"https:\/\/www.triumphgifts.com\/shop\/"},{"@type":"ListItem","position":3,"name":"Distinguished Service Medals"}]},{"@type":"WebSite","@id":"https:\/\/www.triumphgifts.com\/sk\/#website","url":"https:\/\/www.triumphgifts.com\/sk\/","name":"Custom Promotional Products, Trophies & Medals Manufacturer | Triumph Gifts","description":"Custom Promotional Products, Trophies &amp; Medals Manufacturer | Triumph Gifts","publisher":{"@id":"https:\/\/www.triumphgifts.com\/sk\/#organization"},"potentialAction":[{"@type":"SearchAction","target":{"@type":"EntryPoint","urlTemplate":"https:\/\/www.triumphgifts.com\/sk\/?s={search_term_string}"},"query-input":{"@type":"PropertyValueSpecification","valueRequired":true,"valueName":"search_term_string"}}],"inLanguage":"de"},{"@type":"Organization","@id":"https:\/\/www.triumphgifts.com\/sk\/#organization","name":"Custom Promotional Products, Trophies & Medals Manufacturer | Triumph Gifts","url":"https:\/\/www.triumphgifts.com\/sk\/","logo":{"@type":"ImageObject","inLanguage":"de","@id":"https:\/\/www.triumphgifts.com\/sk\/#\/schema\/logo\/image\/","url":"https:\/\/www.triumphgifts.com\/wp-content\/uploads\/2025\/05\/triumph-gifts-logo-1.png","contentUrl":"https:\/\/www.triumphgifts.com\/wp-content\/uploads\/2025\/05\/triumph-gifts-logo-1.png","width":1537,"height":404,"caption":"Custom Promotional Products, Trophies & Medals Manufacturer | Triumph Gifts"},"image":{"@id":"https:\/\/www.triumphgifts.com\/sk\/#\/schema\/logo\/image\/"},"sameAs":["https:\/\/www.facebook.com\/customgiftsmanufacturers","https:\/\/www.youtube.com\/@customsouvenirs","https:\/\/www.pinterest.com\/custompromotionalproducts\/","https:\/\/www.linkedin.com\/company\/customgiftsupplier\/"]}]}},"_links":{"self":[{"href":"https:\/\/www.triumphgifts.com\/de\/wp-json\/wp\/v2\/product\/1970","targetHints":{"allow":["GET"]}}],"collection":[{"href":"https:\/\/www.triumphgifts.com\/de\/wp-json\/wp\/v2\/product"}],"about":[{"href":"https:\/\/www.triumphgifts.com\/de\/wp-json\/wp\/v2\/types\/product"}],"replies":[{"embeddable":true,"href":"https:\/\/www.triumphgifts.com\/de\/wp-json\/wp\/v2\/comments?post=1970"}],"version-history":[{"count":0,"href":"https:\/\/www.triumphgifts.com\/de\/wp-json\/wp\/v2\/product\/1970\/revisions"}],"wp:featuredmedia":[{"embeddable":true,"href":"https:\/\/www.triumphgifts.com\/de\/wp-json\/wp\/v2\/media\/1967"}],"wp:attachment":[{"href":"https:\/\/www.triumphgifts.com\/de\/wp-json\/wp\/v2\/media?parent=1970"}],"wp:term":[{"taxonomy":"product_brand","embeddable":true,"href":"https:\/\/www.triumphgifts.com\/de\/wp-json\/wp\/v2\/product_brand?post=1970"},{"taxonomy":"product_cat","embeddable":true,"href":"https:\/\/www.triumphgifts.com\/de\/wp-json\/wp\/v2\/product_cat?post=1970"},{"taxonomy":"product_tag","embeddable":true,"href":"https:\/\/www.triumphgifts.com\/de\/wp-json\/wp\/v2\/product_tag?post=1970"}],"curies":[{"name":"wp","href":"https:\/\/api.w.org\/{rel}","templated":true}]}}