{"id":4523,"date":"2025-07-08T09:17:23","date_gmt":"2025-07-08T09:17:23","guid":{"rendered":"https:\/\/www.triumphgifts.com\/?post_type=product&#038;p=4523"},"modified":"2026-03-23T15:44:23","modified_gmt":"2026-03-23T15:44:23","slug":"custom-military-awards","status":"publish","type":"product","link":"https:\/\/www.triumphgifts.com\/cs\/produkt\/custom-military-awards\/","title":{"rendered":"Custom Military Awards"},"content":{"rendered":"<div data-elementor-type=\"product-post\" data-elementor-id=\"4523\" class=\"elementor elementor-4523\" data-elementor-post-type=\"product\">\n\t\t\t\t<div class=\"elementor-element elementor-element-b7c5c0b e-flex e-con-boxed e-con e-parent\" data-id=\"b7c5c0b\" data-element_type=\"container\" data-e-type=\"container\" data-settings=\"{&quot;ekit_has_onepagescroll_dot&quot;:&quot;yes&quot;}\">\n\t\t\t\t\t<div class=\"e-con-inner\">\n\t\t\t\t<div class=\"elementor-element elementor-element-206f67c elementor-widget elementor-widget-heading\" data-id=\"206f67c\" data-element_type=\"widget\" data-e-type=\"widget\" data-settings=\"{&quot;ekit_we_effect_on&quot;:&quot;none&quot;}\" data-widget_type=\"heading.default\">\n\t\t\t\t<div class=\"elementor-widget-container\">\n\t\t\t\t\t<h2 class=\"elementor-heading-title elementor-size-default\">Premium Metal Military Medals with Custom Ribbon Bars<\/h2>\t\t\t\t<\/div>\n\t\t\t\t<\/div>\n\t\t\t\t<div class=\"elementor-element elementor-element-8a606e9 elementor-widget elementor-widget-video\" data-id=\"8a606e9\" data-element_type=\"widget\" data-e-type=\"widget\" data-settings=\"{&quot;youtube_url&quot;:&quot;https:\\\/\\\/youtu.be\\\/OcV_IDqimQo?si=xmXExiTNCL89VWnt&quot;,&quot;video_type&quot;:&quot;youtube&quot;,&quot;controls&quot;:&quot;yes&quot;,&quot;ekit_we_effect_on&quot;:&quot;none&quot;}\" data-widget_type=\"video.default\">\n\t\t\t\t<div class=\"elementor-widget-container\">\n\t\t\t\t\t\t\t<div class=\"elementor-wrapper elementor-open-inline\">\n\t\t\t<div class=\"elementor-video\"><\/div>\t\t<\/div>\n\t\t\t\t\t\t<\/div>\n\t\t\t\t<\/div>\n\t\t\t\t<div class=\"elementor-element elementor-element-482017b elementor-widget elementor-widget-text-editor\" data-id=\"482017b\" data-element_type=\"widget\" data-e-type=\"widget\" data-settings=\"{&quot;ekit_we_effect_on&quot;:&quot;none&quot;}\" data-widget_type=\"text-editor.default\">\n\t\t\t\t<div class=\"elementor-widget-container\">\n\t\t\t\t\t\t\t\t\t<p data-start=\"494\" data-end=\"801\">We specialize in manufacturing Custom Military Awards &amp; Decorations tailored for armed forces, government institutions, and official commendation events. Whether you need a commemorative medal, a service ribbon award, or a multi-part 3D emblem, we deliver high-quality results directly from our factory.<\/p><p data-start=\"803\" data-end=\"1118\">Each medal can be produced by die-striking (bronze\/copper) or die-casting (zinc alloy) depending on the design complexity. Choose from various color techniques including enamel, imitation enamel, paint, transparent lacquer, silk-screen ink, or no color at all for a minimalist metallic look.<\/p><p data-start=\"1120\" data-end=\"1318\">Our electroplating options range from classic 24K gold plating to nickel, red\/antique copper, satin finishes, dual-tone plating, and more \u2013 all done in-house to ensure precision and consistency.<\/p><p data-start=\"1320\" data-end=\"1620\">We also provide custom ribbon bars with multiple styles and widths. You can choose from existing models such as C17-1, C17-2, C17-3, C17-5, C17-6, C17-7, with stock ribbon colors available in 35mm widths. For customized ribbon designs, we support both large and small quantity production.<\/p>\t\t\t\t\t\t\t\t<\/div>\n\t\t\t\t<\/div>\n\t\t\t\t<div class=\"elementor-element elementor-element-9a71e83 elementor-widget elementor-widget-heading\" data-id=\"9a71e83\" data-element_type=\"widget\" data-e-type=\"widget\" data-settings=\"{&quot;ekit_we_effect_on&quot;:&quot;none&quot;}\" data-widget_type=\"heading.default\">\n\t\t\t\t<div class=\"elementor-widget-container\">\n\t\t\t\t\t<h2 class=\"elementor-heading-title elementor-size-default\">Specification\n<\/h2>\t\t\t\t<\/div>\n\t\t\t\t<\/div>\n\t\t\t\t<div class=\"elementor-element elementor-element-89fd96b elementor-widget elementor-widget-text-editor\" data-id=\"89fd96b\" data-element_type=\"widget\" data-e-type=\"widget\" data-settings=\"{&quot;ekit_we_effect_on&quot;:&quot;none&quot;}\" data-widget_type=\"text-editor.default\">\n\t\t\t\t<div class=\"elementor-widget-container\">\n\t\t\t\t\t\t\t\t\t<ul><li data-start=\"1627\" data-end=\"1650\">Materials: Bronze \/ Copper (die-struck), Zinc Alloy (die-cast)<\/li><li data-start=\"1724\" data-end=\"1799\">Fully customized shapes: flat, 2D, 3D, multi-part, single or double-sided<\/li><li data-start=\"1802\" data-end=\"1890\">Plating options: 24K gold, nickel, red copper, bronze, antique, satin, dual-tone, etc.<\/li><li data-start=\"1893\" data-end=\"1998\">Coloring: Soft enamel, imitation enamel (epoxy), baking paint, printed ink, clear lacquer, or uncolored<\/li><li data-start=\"2001\" data-end=\"2069\">Custom ribbon bar styles: C17-1, C17-2, C17-3, C17-5, C17-6, C17-7<\/li><li>Ribbon options: Stock colors (35mm): red (PMS 200), blue (Reflex Blue), red\/white\/blue (PMS 201\/White\/PMS 072)<\/li><li>Custom ribbons: 3000 yards MOQ (free setup); below 3000 yards incurs setup fee<\/li><\/ul>\t\t\t\t\t\t\t\t<\/div>\n\t\t\t\t<\/div>\n\t\t\t\t<div class=\"elementor-element elementor-element-2c8c1d7 elementor-widget elementor-widget-image\" data-id=\"2c8c1d7\" data-element_type=\"widget\" data-e-type=\"widget\" data-settings=\"{&quot;ekit_we_effect_on&quot;:&quot;none&quot;}\" data-widget_type=\"image.default\">\n\t\t\t\t<div class=\"elementor-widget-container\">\n\t\t\t\t\t\t\t\t\t\t\t\t\t\t\t<img fetchpriority=\"high\" decoding=\"async\" width=\"743\" height=\"297\" src=\"https:\/\/www.triumphgifts.com\/wp-content\/uploads\/2025\/07\/Custom-ribbon-bar-styles-e1751968398616.jpg\" class=\"attachment-large size-large wp-image-4530\" alt=\"Custom promotional trophies and medals with personalized designs for awards and recognition. High-quality manufacturing for corporate events, sports, and special occasions.\" srcset=\"https:\/\/www.triumphgifts.com\/wp-content\/uploads\/2025\/07\/Custom-ribbon-bar-styles-e1751968398616.jpg 743w, https:\/\/www.triumphgifts.com\/wp-content\/uploads\/2025\/07\/Custom-ribbon-bar-styles-e1751968398616-300x120.jpg 300w, https:\/\/www.triumphgifts.com\/wp-content\/uploads\/2025\/07\/Custom-ribbon-bar-styles-e1751968398616-600x240.jpg 600w\" sizes=\"(max-width: 743px) 100vw, 743px\" \/>\t\t\t\t\t\t\t\t\t\t\t\t\t\t\t<\/div>\n\t\t\t\t<\/div>\n\t\t\t\t\t<\/div>\n\t\t\t\t<\/div>\n\t\t\t\t<\/div>","protected":false},"excerpt":{"rendered":"<h3 style=\"margin-bottom: 16px;\">High-Quality Custom Military Awards Manufacturer<\/h3>\n<p data-start=\"122\" data-end=\"283\">Honor service, commitment, and achievement with Custom Military Awards produced by Triumph Gifts. As an experienced factory-direct manufacturer, we deliver fully customized awards tailored to your exact specifications\u2014ideal for bulk procurement, wholesale programs, and OEM projects.<\/p>","protected":false},"featured_media":1945,"comment_status":"closed","ping_status":"closed","template":"","meta":{"site-sidebar-layout":"no-sidebar","site-content-layout":"","ast-site-content-layout":"full-width-container","site-content-style":"default","site-sidebar-style":"default","ast-global-header-display":"","ast-banner-title-visibility":"","ast-main-header-display":"","ast-hfb-above-header-display":"","ast-hfb-below-header-display":"","ast-hfb-mobile-header-display":"","site-post-title":"","ast-breadcrumbs-content":"","ast-featured-img":"disabled","footer-sml-layout":"","ast-disable-related-posts":"","theme-transparent-header-meta":"default","adv-header-id-meta":"","stick-header-meta":"","header-above-stick-meta":"","header-main-stick-meta":"","header-below-stick-meta":"","astra-migrate-meta-layouts":"set","ast-page-background-enabled":"default","ast-page-background-meta":{"desktop":{"background-color":"var(--ast-global-color-5)","background-image":"","background-repeat":"repeat","background-position":"center center","background-size":"auto","background-attachment":"scroll","background-type":"","background-media":"","overlay-type":"","overlay-color":"","overlay-opacity":"","overlay-gradient":""},"tablet":{"background-color":"","background-image":"","background-repeat":"repeat","background-position":"center center","background-size":"auto","background-attachment":"scroll","background-type":"","background-media":"","overlay-type":"","overlay-color":"","overlay-opacity":"","overlay-gradient":""},"mobile":{"background-color":"","background-image":"","background-repeat":"repeat","background-position":"center center","background-size":"auto","background-attachment":"scroll","background-type":"","background-media":"","overlay-type":"","overlay-color":"","overlay-opacity":"","overlay-gradient":""}},"ast-content-background-meta":{"desktop":{"background-color":"var(--ast-global-color-4)","background-image":"","background-repeat":"repeat","background-position":"center center","background-size":"auto","background-attachment":"scroll","background-type":"","background-media":"","overlay-type":"","overlay-color":"","overlay-opacity":"","overlay-gradient":""},"tablet":{"background-color":"var(--ast-global-color-4)","background-image":"","background-repeat":"repeat","background-position":"center center","background-size":"auto","background-attachment":"scroll","background-type":"","background-media":"","overlay-type":"","overlay-color":"","overlay-opacity":"","overlay-gradient":""},"mobile":{"background-color":"var(--ast-global-color-4)","background-image":"","background-repeat":"repeat","background-position":"center center","background-size":"auto","background-attachment":"scroll","background-type":"","background-media":"","overlay-type":"","overlay-color":"","overlay-opacity":"","overlay-gradient":""}}},"product_brand":[],"product_cat":[2752,33,239,32],"product_tag":[252,256,253,255,254,247],"class_list":{"0":"post-4523","1":"product","2":"type-product","3":"status-publish","4":"has-post-thumbnail","6":"product_cat-custom-honor-medals","7":"product_cat-custom-medals","8":"product_cat-custom-military-medals","9":"product_cat-metal-products","10":"product_tag-custom-military-awards","11":"product_tag-factory-direct-military-awards","12":"product_tag-military-awards-manufacturer","13":"product_tag-oem-military-awards-supplier","14":"product_tag-personalized-military-gifts","15":"product_tag-wholesale-recognition-awards","16":"desktop-align-left","17":"tablet-align-left","18":"mobile-align-left","20":"first","21":"instock","22":"shipping-taxable","23":"product-type-simple"},"yoast_head":"<!-- This site is optimized with the Yoast SEO plugin v27.3 - https:\/\/yoast.com\/product\/yoast-seo-wordpress\/ -->\n<title>Custom Military Awards<\/title>\n<meta name=\"description\" content=\"Premium quality awards manufactured for bulk orders, government procurement, and corporate recognition. Get your free design consultation today!\" \/>\n<meta name=\"robots\" content=\"index, follow, max-snippet:-1, max-image-preview:large, max-video-preview:-1\" \/>\n<link rel=\"canonical\" href=\"https:\/\/www.triumphgifts.com\/cs\/produkt\/custom-military-awards\/\" \/>\n<meta property=\"og:locale\" content=\"cs_CZ\" \/>\n<meta property=\"og:type\" content=\"article\" \/>\n<meta property=\"og:title\" content=\"Custom Military Awards\" \/>\n<meta property=\"og:description\" content=\"Premium quality awards manufactured for bulk orders, government procurement, and corporate recognition. Get your free design consultation today!\" \/>\n<meta property=\"og:url\" content=\"https:\/\/www.triumphgifts.com\/cs\/produkt\/custom-military-awards\/\" \/>\n<meta property=\"og:site_name\" content=\"Custom Promotional Products, Trophies &amp; Medals Manufacturer | Triumph Gifts\" \/>\n<meta property=\"article:publisher\" content=\"https:\/\/www.facebook.com\/customgiftsmanufacturers\" \/>\n<meta property=\"article:modified_time\" content=\"2026-03-23T15:44:23+00:00\" \/>\n<meta property=\"og:image\" content=\"https:\/\/www.triumphgifts.com\/wp-content\/uploads\/2025\/06\/Custom-Military-Awards-1.jpg\" \/>\n\t<meta property=\"og:image:width\" content=\"750\" \/>\n\t<meta property=\"og:image:height\" content=\"750\" \/>\n\t<meta property=\"og:image:type\" content=\"image\/jpeg\" \/>\n<meta name=\"twitter:card\" content=\"summary_large_image\" \/>\n<meta name=\"twitter:label1\" content=\"Odhadovan\u00e1 doba \u010dten\u00ed\" \/>\n\t<meta name=\"twitter:data1\" content=\"2 minuty\" \/>\n<script type=\"application\/ld+json\" class=\"yoast-schema-graph\">{\"@context\":\"https:\\\/\\\/schema.org\",\"@graph\":[{\"@type\":\"WebPage\",\"@id\":\"https:\\\/\\\/www.triumphgifts.com\\\/product\\\/custom-military-awards\\\/\",\"url\":\"https:\\\/\\\/www.triumphgifts.com\\\/product\\\/custom-military-awards\\\/\",\"name\":\"Custom Military Awards\",\"isPartOf\":{\"@id\":\"https:\\\/\\\/www.triumphgifts.com\\\/sk\\\/#website\"},\"primaryImageOfPage\":{\"@id\":\"https:\\\/\\\/www.triumphgifts.com\\\/product\\\/custom-military-awards\\\/#primaryimage\"},\"image\":{\"@id\":\"https:\\\/\\\/www.triumphgifts.com\\\/product\\\/custom-military-awards\\\/#primaryimage\"},\"thumbnailUrl\":\"https:\\\/\\\/www.triumphgifts.com\\\/wp-content\\\/uploads\\\/2025\\\/06\\\/Custom-Military-Awards-1.jpg\",\"datePublished\":\"2025-07-08T09:17:23+00:00\",\"dateModified\":\"2026-03-23T15:44:23+00:00\",\"description\":\"Premium quality awards manufactured for bulk orders, government procurement, and corporate recognition. Get your free design consultation today!\",\"breadcrumb\":{\"@id\":\"https:\\\/\\\/www.triumphgifts.com\\\/product\\\/custom-military-awards\\\/#breadcrumb\"},\"inLanguage\":\"cs\",\"potentialAction\":[{\"@type\":\"ReadAction\",\"target\":[\"https:\\\/\\\/www.triumphgifts.com\\\/product\\\/custom-military-awards\\\/\"]}]},{\"@type\":\"ImageObject\",\"inLanguage\":\"cs\",\"@id\":\"https:\\\/\\\/www.triumphgifts.com\\\/product\\\/custom-military-awards\\\/#primaryimage\",\"url\":\"https:\\\/\\\/www.triumphgifts.com\\\/wp-content\\\/uploads\\\/2025\\\/06\\\/Custom-Military-Awards-1.jpg\",\"contentUrl\":\"https:\\\/\\\/www.triumphgifts.com\\\/wp-content\\\/uploads\\\/2025\\\/06\\\/Custom-Military-Awards-1.jpg\",\"width\":750,\"height\":750,\"caption\":\"Gold Lincoln Bicentennial medal with a tri-color ribbon, celebrating Abraham Lincoln's 200th birthday, ideal for awards, sports, and special events.\"},{\"@type\":\"BreadcrumbList\",\"@id\":\"https:\\\/\\\/www.triumphgifts.com\\\/product\\\/custom-military-awards\\\/#breadcrumb\",\"itemListElement\":[{\"@type\":\"ListItem\",\"position\":1,\"name\":\"\u9996\u9875\",\"item\":\"https:\\\/\\\/www.triumphgifts.com\\\/\"},{\"@type\":\"ListItem\",\"position\":2,\"name\":\"Products\",\"item\":\"https:\\\/\\\/www.triumphgifts.com\\\/shop\\\/\"},{\"@type\":\"ListItem\",\"position\":3,\"name\":\"Custom Military Awards\"}]},{\"@type\":\"WebSite\",\"@id\":\"https:\\\/\\\/www.triumphgifts.com\\\/sk\\\/#website\",\"url\":\"https:\\\/\\\/www.triumphgifts.com\\\/sk\\\/\",\"name\":\"Custom Promotional Products, Trophies & Medals Manufacturer | Triumph Gifts\",\"description\":\"Custom Promotional Products, Trophies &amp; Medals Manufacturer | Triumph Gifts\",\"publisher\":{\"@id\":\"https:\\\/\\\/www.triumphgifts.com\\\/sk\\\/#organization\"},\"potentialAction\":[{\"@type\":\"SearchAction\",\"target\":{\"@type\":\"EntryPoint\",\"urlTemplate\":\"https:\\\/\\\/www.triumphgifts.com\\\/sk\\\/?s={search_term_string}\"},\"query-input\":{\"@type\":\"PropertyValueSpecification\",\"valueRequired\":true,\"valueName\":\"search_term_string\"}}],\"inLanguage\":\"cs\"},{\"@type\":\"Organization\",\"@id\":\"https:\\\/\\\/www.triumphgifts.com\\\/sk\\\/#organization\",\"name\":\"Custom Promotional Products, Trophies & Medals Manufacturer | Triumph Gifts\",\"url\":\"https:\\\/\\\/www.triumphgifts.com\\\/sk\\\/\",\"logo\":{\"@type\":\"ImageObject\",\"inLanguage\":\"cs\",\"@id\":\"https:\\\/\\\/www.triumphgifts.com\\\/sk\\\/#\\\/schema\\\/logo\\\/image\\\/\",\"url\":\"https:\\\/\\\/www.triumphgifts.com\\\/wp-content\\\/uploads\\\/2025\\\/05\\\/triumph-gifts-logo-1.png\",\"contentUrl\":\"https:\\\/\\\/www.triumphgifts.com\\\/wp-content\\\/uploads\\\/2025\\\/05\\\/triumph-gifts-logo-1.png\",\"width\":1537,\"height\":404,\"caption\":\"Custom Promotional Products, Trophies & Medals Manufacturer | Triumph Gifts\"},\"image\":{\"@id\":\"https:\\\/\\\/www.triumphgifts.com\\\/sk\\\/#\\\/schema\\\/logo\\\/image\\\/\"},\"sameAs\":[\"https:\\\/\\\/www.facebook.com\\\/customgiftsmanufacturers\",\"https:\\\/\\\/www.youtube.com\\\/@customsouvenirs\",\"https:\\\/\\\/www.pinterest.com\\\/custompromotionalproducts\\\/\",\"https:\\\/\\\/www.linkedin.com\\\/company\\\/customgiftsupplier\\\/\"]}]}<\/script>\n<!-- \/ Yoast SEO plugin. -->","yoast_head_json":{"title":"Custom Military Awards","description":"Premium quality awards manufactured for bulk orders, government procurement, and corporate recognition. Get your free design consultation today!","robots":{"index":"index","follow":"follow","max-snippet":"max-snippet:-1","max-image-preview":"max-image-preview:large","max-video-preview":"max-video-preview:-1"},"canonical":"https:\/\/www.triumphgifts.com\/cs\/produkt\/custom-military-awards\/","og_locale":"cs_CZ","og_type":"article","og_title":"Custom Military Awards","og_description":"Premium quality awards manufactured for bulk orders, government procurement, and corporate recognition. Get your free design consultation today!","og_url":"https:\/\/www.triumphgifts.com\/cs\/produkt\/custom-military-awards\/","og_site_name":"Custom Promotional Products, Trophies &amp; Medals Manufacturer | Triumph Gifts","article_publisher":"https:\/\/www.facebook.com\/customgiftsmanufacturers","article_modified_time":"2026-03-23T15:44:23+00:00","og_image":[{"width":750,"height":750,"url":"https:\/\/www.triumphgifts.com\/wp-content\/uploads\/2025\/06\/Custom-Military-Awards-1.jpg","type":"image\/jpeg"}],"twitter_card":"summary_large_image","twitter_misc":{"Odhadovan\u00e1 doba \u010dten\u00ed":"2 minuty"},"schema":{"@context":"https:\/\/schema.org","@graph":[{"@type":"WebPage","@id":"https:\/\/www.triumphgifts.com\/product\/custom-military-awards\/","url":"https:\/\/www.triumphgifts.com\/product\/custom-military-awards\/","name":"Custom Military Awards","isPartOf":{"@id":"https:\/\/www.triumphgifts.com\/sk\/#website"},"primaryImageOfPage":{"@id":"https:\/\/www.triumphgifts.com\/product\/custom-military-awards\/#primaryimage"},"image":{"@id":"https:\/\/www.triumphgifts.com\/product\/custom-military-awards\/#primaryimage"},"thumbnailUrl":"https:\/\/www.triumphgifts.com\/wp-content\/uploads\/2025\/06\/Custom-Military-Awards-1.jpg","datePublished":"2025-07-08T09:17:23+00:00","dateModified":"2026-03-23T15:44:23+00:00","description":"Premium quality awards manufactured for bulk orders, government procurement, and corporate recognition. Get your free design consultation today!","breadcrumb":{"@id":"https:\/\/www.triumphgifts.com\/product\/custom-military-awards\/#breadcrumb"},"inLanguage":"cs","potentialAction":[{"@type":"ReadAction","target":["https:\/\/www.triumphgifts.com\/product\/custom-military-awards\/"]}]},{"@type":"ImageObject","inLanguage":"cs","@id":"https:\/\/www.triumphgifts.com\/product\/custom-military-awards\/#primaryimage","url":"https:\/\/www.triumphgifts.com\/wp-content\/uploads\/2025\/06\/Custom-Military-Awards-1.jpg","contentUrl":"https:\/\/www.triumphgifts.com\/wp-content\/uploads\/2025\/06\/Custom-Military-Awards-1.jpg","width":750,"height":750,"caption":"Gold Lincoln Bicentennial medal with a tri-color ribbon, celebrating Abraham Lincoln's 200th birthday, ideal for awards, sports, and special events."},{"@type":"BreadcrumbList","@id":"https:\/\/www.triumphgifts.com\/product\/custom-military-awards\/#breadcrumb","itemListElement":[{"@type":"ListItem","position":1,"name":"\u9996\u9875","item":"https:\/\/www.triumphgifts.com\/"},{"@type":"ListItem","position":2,"name":"Products","item":"https:\/\/www.triumphgifts.com\/shop\/"},{"@type":"ListItem","position":3,"name":"Custom Military Awards"}]},{"@type":"WebSite","@id":"https:\/\/www.triumphgifts.com\/sk\/#website","url":"https:\/\/www.triumphgifts.com\/sk\/","name":"V\u00fdrobce reklamn\u00edch p\u0159edm\u011bt\u016f, trofej\u00ed a medail\u00ed na zak\u00e1zku | Triumph Gifts","description":"V\u00fdrobce reklamn\u00edch p\u0159edm\u011bt\u016f, trofej\u00ed a medail\u00ed na zak\u00e1zku | Triumph Gifts","publisher":{"@id":"https:\/\/www.triumphgifts.com\/sk\/#organization"},"potentialAction":[{"@type":"SearchAction","target":{"@type":"EntryPoint","urlTemplate":"https:\/\/www.triumphgifts.com\/sk\/?s={search_term_string}"},"query-input":{"@type":"PropertyValueSpecification","valueRequired":true,"valueName":"search_term_string"}}],"inLanguage":"cs"},{"@type":"Organization","@id":"https:\/\/www.triumphgifts.com\/sk\/#organization","name":"V\u00fdrobce reklamn\u00edch p\u0159edm\u011bt\u016f, trofej\u00ed a medail\u00ed na zak\u00e1zku | Triumph Gifts","url":"https:\/\/www.triumphgifts.com\/sk\/","logo":{"@type":"ImageObject","inLanguage":"cs","@id":"https:\/\/www.triumphgifts.com\/sk\/#\/schema\/logo\/image\/","url":"https:\/\/www.triumphgifts.com\/wp-content\/uploads\/2025\/05\/triumph-gifts-logo-1.png","contentUrl":"https:\/\/www.triumphgifts.com\/wp-content\/uploads\/2025\/05\/triumph-gifts-logo-1.png","width":1537,"height":404,"caption":"Custom Promotional Products, Trophies & Medals Manufacturer | Triumph Gifts"},"image":{"@id":"https:\/\/www.triumphgifts.com\/sk\/#\/schema\/logo\/image\/"},"sameAs":["https:\/\/www.facebook.com\/customgiftsmanufacturers","https:\/\/www.youtube.com\/@customsouvenirs","https:\/\/www.pinterest.com\/custompromotionalproducts\/","https:\/\/www.linkedin.com\/company\/customgiftsupplier\/"]}]}},"_links":{"self":[{"href":"https:\/\/www.triumphgifts.com\/cs\/wp-json\/wp\/v2\/product\/4523","targetHints":{"allow":["GET"]}}],"collection":[{"href":"https:\/\/www.triumphgifts.com\/cs\/wp-json\/wp\/v2\/product"}],"about":[{"href":"https:\/\/www.triumphgifts.com\/cs\/wp-json\/wp\/v2\/types\/product"}],"replies":[{"embeddable":true,"href":"https:\/\/www.triumphgifts.com\/cs\/wp-json\/wp\/v2\/comments?post=4523"}],"version-history":[{"count":5,"href":"https:\/\/www.triumphgifts.com\/cs\/wp-json\/wp\/v2\/product\/4523\/revisions"}],"predecessor-version":[{"id":8217,"href":"https:\/\/www.triumphgifts.com\/cs\/wp-json\/wp\/v2\/product\/4523\/revisions\/8217"}],"wp:featuredmedia":[{"embeddable":true,"href":"https:\/\/www.triumphgifts.com\/cs\/wp-json\/wp\/v2\/media\/1945"}],"wp:attachment":[{"href":"https:\/\/www.triumphgifts.com\/cs\/wp-json\/wp\/v2\/media?parent=4523"}],"wp:term":[{"taxonomy":"product_brand","embeddable":true,"href":"https:\/\/www.triumphgifts.com\/cs\/wp-json\/wp\/v2\/product_brand?post=4523"},{"taxonomy":"product_cat","embeddable":true,"href":"https:\/\/www.triumphgifts.com\/cs\/wp-json\/wp\/v2\/product_cat?post=4523"},{"taxonomy":"product_tag","embeddable":true,"href":"https:\/\/www.triumphgifts.com\/cs\/wp-json\/wp\/v2\/product_tag?post=4523"}],"curies":[{"name":"wp","href":"https:\/\/api.w.org\/{rel}","templated":true}]}}