{"id":3686,"date":"2025-07-05T12:20:05","date_gmt":"2025-07-05T12:20:05","guid":{"rendered":"https:\/\/www.triumphgifts.com\/?post_type=product&#038;p=3686"},"modified":"2025-07-06T04:55:26","modified_gmt":"2025-07-06T04:55:26","slug":"custom-leather-key-fobs","status":"publish","type":"product","link":"https:\/\/www.triumphgifts.com\/bs\/proizvod\/custom-leather-key-fobs\/","title":{"rendered":"Prilago\u0111ene ko\u017ene privjeske za klju\u010deve"},"content":{"rendered":"<div data-elementor-type=\"product-post\" data-elementor-id=\"3686\" class=\"elementor elementor-3686\" data-elementor-post-type=\"product\">\n\t\t\t\t<div class=\"elementor-element elementor-element-d003da9 e-flex e-con-boxed e-con e-parent\" data-id=\"d003da9\" data-element_type=\"container\" data-e-type=\"container\" data-settings=\"{&quot;ekit_has_onepagescroll_dot&quot;:&quot;yes&quot;}\">\n\t\t\t\t\t<div class=\"e-con-inner\">\n\t\t\t\t<div class=\"elementor-element elementor-element-939297f elementor-widget elementor-widget-heading\" data-id=\"939297f\" data-element_type=\"widget\" data-e-type=\"widget\" data-settings=\"{&quot;ekit_we_effect_on&quot;:&quot;none&quot;}\" data-widget_type=\"heading.default\">\n\t\t\t\t<div class=\"elementor-widget-container\">\n\t\t\t\t\t<h2 class=\"elementor-heading-title elementor-size-default\">Custom Leather Key Fobs with Logo | OEM Key Fob Manufacturer\n<\/h2>\t\t\t\t<\/div>\n\t\t\t\t<\/div>\n\t\t\t\t<div class=\"elementor-element elementor-element-79d54c7 elementor-widget elementor-widget-text-editor\" data-id=\"79d54c7\" data-element_type=\"widget\" data-e-type=\"widget\" data-settings=\"{&quot;ekit_we_effect_on&quot;:&quot;none&quot;}\" data-widget_type=\"text-editor.default\">\n\t\t\t\t<div class=\"elementor-widget-container\">\n\t\t\t\t\t\t\t\t\t<p>Our custom leather key fobs offer a timeless, professional way to showcase your brand while providing daily utility. Made from high-quality genuine leather or cost-effective PU leather, each piece is designed for comfort, durability, and visual impact.<\/p>\t\t\t\t\t\t\t\t<\/div>\n\t\t\t\t<\/div>\n\t\t\t\t<div class=\"elementor-element elementor-element-b0733ab elementor-widget elementor-widget-text-editor\" data-id=\"b0733ab\" data-element_type=\"widget\" data-e-type=\"widget\" data-settings=\"{&quot;ekit_we_effect_on&quot;:&quot;none&quot;}\" data-widget_type=\"text-editor.default\">\n\t\t\t\t<div class=\"elementor-widget-container\">\n\t\t\t\t\t\t\t\t\t<p>Perfect for car dealerships, hotel room keys, real estate agents, or corporate branding, these leather key fobs can be customized with your company logo, slogan, initials, or even vehicle model numbers using a variety of techniques like debossing, foil stamping, or laser engraving.<\/p>\t\t\t\t\t\t\t\t<\/div>\n\t\t\t\t<\/div>\n\t\t\t\t<div class=\"elementor-element elementor-element-ce298a5 elementor-widget elementor-widget-text-editor\" data-id=\"ce298a5\" data-element_type=\"widget\" data-e-type=\"widget\" data-settings=\"{&quot;ekit_we_effect_on&quot;:&quot;none&quot;}\" data-widget_type=\"text-editor.default\">\n\t\t\t\t<div class=\"elementor-widget-container\">\n\t\t\t\t\t\t\t\t\t<p>At Triumph Gifts, we\u2019re a trusted manufacturer with over 40 years of experience in leather products. We offer low minimum orders, fast production, and complete OEM\/ODM support\u2014from initial design to final delivery.<\/p>\t\t\t\t\t\t\t\t<\/div>\n\t\t\t\t<\/div>\n\t\t\t\t\t<\/div>\n\t\t\t\t<\/div>\n\t\t\t\t<\/div>","protected":false},"excerpt":{"rendered":"<h3 style=\"margin-bottom: 16px;\">Personalized Logo Key Tags for Brands &amp; Vehicles<\/h3>\n<p><span style=\"display: block;\">Design custom leather key fobs with your logo or message. Ideal for automotive dealers, hotels, and corporate gifts. Made from genuine or PU leather with debossing, engraving, or printing. OEM\/ODM supported, factory direct.<br \/>\n<\/span><\/p>","protected":false},"featured_media":3687,"comment_status":"open","ping_status":"closed","template":"","meta":{"site-sidebar-layout":"no-sidebar","site-content-layout":"","ast-site-content-layout":"full-width-container","site-content-style":"default","site-sidebar-style":"default","ast-global-header-display":"","ast-banner-title-visibility":"","ast-main-header-display":"","ast-hfb-above-header-display":"","ast-hfb-below-header-display":"","ast-hfb-mobile-header-display":"","site-post-title":"disabled","ast-breadcrumbs-content":"","ast-featured-img":"disabled","footer-sml-layout":"","ast-disable-related-posts":"","theme-transparent-header-meta":"default","adv-header-id-meta":"","stick-header-meta":"","header-above-stick-meta":"","header-main-stick-meta":"","header-below-stick-meta":"","astra-migrate-meta-layouts":"set","ast-page-background-enabled":"default","ast-page-background-meta":{"desktop":{"background-color":"var(--ast-global-color-5)","background-image":"","background-repeat":"repeat","background-position":"center center","background-size":"auto","background-attachment":"scroll","background-type":"","background-media":"","overlay-type":"","overlay-color":"","overlay-opacity":"","overlay-gradient":""},"tablet":{"background-color":"","background-image":"","background-repeat":"repeat","background-position":"center center","background-size":"auto","background-attachment":"scroll","background-type":"","background-media":"","overlay-type":"","overlay-color":"","overlay-opacity":"","overlay-gradient":""},"mobile":{"background-color":"","background-image":"","background-repeat":"repeat","background-position":"center center","background-size":"auto","background-attachment":"scroll","background-type":"","background-media":"","overlay-type":"","overlay-color":"","overlay-opacity":"","overlay-gradient":""}},"ast-content-background-meta":{"desktop":{"background-color":"var(--ast-global-color-4)","background-image":"","background-repeat":"repeat","background-position":"center center","background-size":"auto","background-attachment":"scroll","background-type":"","background-media":"","overlay-type":"","overlay-color":"","overlay-opacity":"","overlay-gradient":""},"tablet":{"background-color":"var(--ast-global-color-4)","background-image":"","background-repeat":"repeat","background-position":"center center","background-size":"auto","background-attachment":"scroll","background-type":"","background-media":"","overlay-type":"","overlay-color":"","overlay-opacity":"","overlay-gradient":""},"mobile":{"background-color":"var(--ast-global-color-4)","background-image":"","background-repeat":"repeat","background-position":"center center","background-size":"auto","background-attachment":"scroll","background-type":"","background-media":"","overlay-type":"","overlay-color":"","overlay-opacity":"","overlay-gradient":""}}},"product_brand":[],"product_cat":[1275,1270],"product_tag":[1405,1399,1396,1402,1400,1398,1403,1397,1401,1404],"class_list":{"0":"post-3686","1":"product","2":"type-product","3":"status-publish","4":"has-post-thumbnail","6":"product_cat-custom-leather-key-fobs","7":"product_cat-leather-items","8":"product_tag-branded-leather-key-accessory","9":"product_tag-car-dealership-key-fob","10":"product_tag-custom-leather-key-fobs","11":"product_tag-debossed-leather-keychain","12":"product_tag-leather-hotel-key-fob","13":"product_tag-logo-key-tag","14":"product_tag-luxury-key-fob-manufacturer","15":"product_tag-personalized-key-fob","16":"product_tag-pu-leather-key-tag","17":"product_tag-stitched-leather-key-fobs","18":"desktop-align-left","19":"tablet-align-left","20":"mobile-align-left","22":"first","23":"instock","24":"shipping-taxable","25":"product-type-simple"},"yoast_head":"<!-- This site is optimized with the Yoast SEO plugin v27.3 - https:\/\/yoast.com\/product\/yoast-seo-wordpress\/ -->\n<title>Custom Leather Key Fobs<\/title>\n<meta name=\"description\" content=\"Custom leather key fobs with your logo or text. Ideal for cars, hotels, and branding. Genuine or PU leather. Factory direct with full customization and low MOQ.\" \/>\n<meta name=\"robots\" content=\"index, follow, max-snippet:-1, max-image-preview:large, max-video-preview:-1\" \/>\n<link rel=\"canonical\" href=\"https:\/\/www.triumphgifts.com\/bs\/proizvod\/custom-leather-key-fobs\/\" \/>\n<meta property=\"og:locale\" content=\"bs_BA\" \/>\n<meta property=\"og:type\" content=\"article\" \/>\n<meta property=\"og:title\" content=\"Custom Leather Key Fobs\" \/>\n<meta property=\"og:description\" content=\"Custom leather key fobs with your logo or text. Ideal for cars, hotels, and branding. Genuine or PU leather. Factory direct with full customization and low MOQ.\" \/>\n<meta property=\"og:url\" content=\"https:\/\/www.triumphgifts.com\/bs\/proizvod\/custom-leather-key-fobs\/\" \/>\n<meta property=\"og:site_name\" content=\"Custom Promotional Products, Trophies &amp; Medals Manufacturer | Triumph Gifts\" \/>\n<meta property=\"article:publisher\" content=\"https:\/\/www.facebook.com\/customgiftsmanufacturers\" \/>\n<meta property=\"article:modified_time\" content=\"2025-07-06T04:55:26+00:00\" \/>\n<meta property=\"og:image\" content=\"https:\/\/www.triumphgifts.com\/wp-content\/uploads\/2025\/07\/Custom-Leather-Key-Fobs-3.jpg\" \/>\n\t<meta property=\"og:image:width\" content=\"750\" \/>\n\t<meta property=\"og:image:height\" content=\"750\" \/>\n\t<meta property=\"og:image:type\" content=\"image\/jpeg\" \/>\n<meta name=\"twitter:card\" content=\"summary_large_image\" \/>\n<meta name=\"twitter:label1\" content=\"Est. reading time\" \/>\n\t<meta name=\"twitter:data1\" content=\"1 minuta\" \/>\n<script type=\"application\/ld+json\" class=\"yoast-schema-graph\">{\"@context\":\"https:\\\/\\\/schema.org\",\"@graph\":[{\"@type\":\"WebPage\",\"@id\":\"https:\\\/\\\/www.triumphgifts.com\\\/product\\\/custom-leather-key-fobs\\\/\",\"url\":\"https:\\\/\\\/www.triumphgifts.com\\\/product\\\/custom-leather-key-fobs\\\/\",\"name\":\"Custom Leather Key Fobs\",\"isPartOf\":{\"@id\":\"https:\\\/\\\/www.triumphgifts.com\\\/sk\\\/#website\"},\"primaryImageOfPage\":{\"@id\":\"https:\\\/\\\/www.triumphgifts.com\\\/product\\\/custom-leather-key-fobs\\\/#primaryimage\"},\"image\":{\"@id\":\"https:\\\/\\\/www.triumphgifts.com\\\/product\\\/custom-leather-key-fobs\\\/#primaryimage\"},\"thumbnailUrl\":\"https:\\\/\\\/www.triumphgifts.com\\\/wp-content\\\/uploads\\\/2025\\\/07\\\/Custom-Leather-Key-Fobs-3.jpg\",\"datePublished\":\"2025-07-05T12:20:05+00:00\",\"dateModified\":\"2025-07-06T04:55:26+00:00\",\"description\":\"Custom leather key fobs with your logo or text. Ideal for cars, hotels, and branding. Genuine or PU leather. Factory direct with full customization and low MOQ.\",\"breadcrumb\":{\"@id\":\"https:\\\/\\\/www.triumphgifts.com\\\/product\\\/custom-leather-key-fobs\\\/#breadcrumb\"},\"inLanguage\":\"bs-BA\",\"potentialAction\":[{\"@type\":\"ReadAction\",\"target\":[\"https:\\\/\\\/www.triumphgifts.com\\\/product\\\/custom-leather-key-fobs\\\/\"]}]},{\"@type\":\"ImageObject\",\"inLanguage\":\"bs-BA\",\"@id\":\"https:\\\/\\\/www.triumphgifts.com\\\/product\\\/custom-leather-key-fobs\\\/#primaryimage\",\"url\":\"https:\\\/\\\/www.triumphgifts.com\\\/wp-content\\\/uploads\\\/2025\\\/07\\\/Custom-Leather-Key-Fobs-3.jpg\",\"contentUrl\":\"https:\\\/\\\/www.triumphgifts.com\\\/wp-content\\\/uploads\\\/2025\\\/07\\\/Custom-Leather-Key-Fobs-3.jpg\",\"width\":750,\"height\":750,\"caption\":\"Custom Leather Key Fobs\"},{\"@type\":\"BreadcrumbList\",\"@id\":\"https:\\\/\\\/www.triumphgifts.com\\\/product\\\/custom-leather-key-fobs\\\/#breadcrumb\",\"itemListElement\":[{\"@type\":\"ListItem\",\"position\":1,\"name\":\"\u9996\u9875\",\"item\":\"https:\\\/\\\/www.triumphgifts.com\\\/\"},{\"@type\":\"ListItem\",\"position\":2,\"name\":\"Products\",\"item\":\"https:\\\/\\\/www.triumphgifts.com\\\/shop\\\/\"},{\"@type\":\"ListItem\",\"position\":3,\"name\":\"Custom Leather Key Fobs\"}]},{\"@type\":\"WebSite\",\"@id\":\"https:\\\/\\\/www.triumphgifts.com\\\/sk\\\/#website\",\"url\":\"https:\\\/\\\/www.triumphgifts.com\\\/sk\\\/\",\"name\":\"Custom Promotional Products, Trophies & Medals Manufacturer | Triumph Gifts\",\"description\":\"Custom Promotional Products, Trophies &amp; Medals Manufacturer | Triumph Gifts\",\"publisher\":{\"@id\":\"https:\\\/\\\/www.triumphgifts.com\\\/sk\\\/#organization\"},\"potentialAction\":[{\"@type\":\"SearchAction\",\"target\":{\"@type\":\"EntryPoint\",\"urlTemplate\":\"https:\\\/\\\/www.triumphgifts.com\\\/sk\\\/?s={search_term_string}\"},\"query-input\":{\"@type\":\"PropertyValueSpecification\",\"valueRequired\":true,\"valueName\":\"search_term_string\"}}],\"inLanguage\":\"bs-BA\"},{\"@type\":\"Organization\",\"@id\":\"https:\\\/\\\/www.triumphgifts.com\\\/sk\\\/#organization\",\"name\":\"Custom Promotional Products, Trophies & Medals Manufacturer | Triumph Gifts\",\"url\":\"https:\\\/\\\/www.triumphgifts.com\\\/sk\\\/\",\"logo\":{\"@type\":\"ImageObject\",\"inLanguage\":\"bs-BA\",\"@id\":\"https:\\\/\\\/www.triumphgifts.com\\\/sk\\\/#\\\/schema\\\/logo\\\/image\\\/\",\"url\":\"https:\\\/\\\/www.triumphgifts.com\\\/wp-content\\\/uploads\\\/2025\\\/05\\\/triumph-gifts-logo-1.png\",\"contentUrl\":\"https:\\\/\\\/www.triumphgifts.com\\\/wp-content\\\/uploads\\\/2025\\\/05\\\/triumph-gifts-logo-1.png\",\"width\":1537,\"height\":404,\"caption\":\"Custom Promotional Products, Trophies & Medals Manufacturer | Triumph Gifts\"},\"image\":{\"@id\":\"https:\\\/\\\/www.triumphgifts.com\\\/sk\\\/#\\\/schema\\\/logo\\\/image\\\/\"},\"sameAs\":[\"https:\\\/\\\/www.facebook.com\\\/customgiftsmanufacturers\",\"https:\\\/\\\/www.youtube.com\\\/@customsouvenirs\",\"https:\\\/\\\/www.pinterest.com\\\/custompromotionalproducts\\\/\",\"https:\\\/\\\/www.linkedin.com\\\/company\\\/customgiftsupplier\\\/\"]}]}<\/script>\n<!-- \/ Yoast SEO plugin. -->","yoast_head_json":{"title":"Prilago\u0111ene ko\u017ene privjeske za klju\u010deve","description":"Custom leather key fobs with your logo or text. Ideal for cars, hotels, and branding. Genuine or PU leather. Factory direct with full customization and low MOQ.","robots":{"index":"index","follow":"follow","max-snippet":"max-snippet:-1","max-image-preview":"max-image-preview:large","max-video-preview":"max-video-preview:-1"},"canonical":"https:\/\/www.triumphgifts.com\/bs\/proizvod\/custom-leather-key-fobs\/","og_locale":"bs_BA","og_type":"article","og_title":"Custom Leather Key Fobs","og_description":"Custom leather key fobs with your logo or text. Ideal for cars, hotels, and branding. Genuine or PU leather. Factory direct with full customization and low MOQ.","og_url":"https:\/\/www.triumphgifts.com\/bs\/proizvod\/custom-leather-key-fobs\/","og_site_name":"Custom Promotional Products, Trophies &amp; Medals Manufacturer | Triumph Gifts","article_publisher":"https:\/\/www.facebook.com\/customgiftsmanufacturers","article_modified_time":"2025-07-06T04:55:26+00:00","og_image":[{"width":750,"height":750,"url":"https:\/\/www.triumphgifts.com\/wp-content\/uploads\/2025\/07\/Custom-Leather-Key-Fobs-3.jpg","type":"image\/jpeg"}],"twitter_card":"summary_large_image","twitter_misc":{"Est. reading time":"1 minuta"},"schema":{"@context":"https:\/\/schema.org","@graph":[{"@type":"WebPage","@id":"https:\/\/www.triumphgifts.com\/product\/custom-leather-key-fobs\/","url":"https:\/\/www.triumphgifts.com\/product\/custom-leather-key-fobs\/","name":"Prilago\u0111ene ko\u017ene privjeske za klju\u010deve","isPartOf":{"@id":"https:\/\/www.triumphgifts.com\/sk\/#website"},"primaryImageOfPage":{"@id":"https:\/\/www.triumphgifts.com\/product\/custom-leather-key-fobs\/#primaryimage"},"image":{"@id":"https:\/\/www.triumphgifts.com\/product\/custom-leather-key-fobs\/#primaryimage"},"thumbnailUrl":"https:\/\/www.triumphgifts.com\/wp-content\/uploads\/2025\/07\/Custom-Leather-Key-Fobs-3.jpg","datePublished":"2025-07-05T12:20:05+00:00","dateModified":"2025-07-06T04:55:26+00:00","description":"Custom leather key fobs with your logo or text. Ideal for cars, hotels, and branding. Genuine or PU leather. Factory direct with full customization and low MOQ.","breadcrumb":{"@id":"https:\/\/www.triumphgifts.com\/product\/custom-leather-key-fobs\/#breadcrumb"},"inLanguage":"bs-BA","potentialAction":[{"@type":"ReadAction","target":["https:\/\/www.triumphgifts.com\/product\/custom-leather-key-fobs\/"]}]},{"@type":"ImageObject","inLanguage":"bs-BA","@id":"https:\/\/www.triumphgifts.com\/product\/custom-leather-key-fobs\/#primaryimage","url":"https:\/\/www.triumphgifts.com\/wp-content\/uploads\/2025\/07\/Custom-Leather-Key-Fobs-3.jpg","contentUrl":"https:\/\/www.triumphgifts.com\/wp-content\/uploads\/2025\/07\/Custom-Leather-Key-Fobs-3.jpg","width":750,"height":750,"caption":"Custom Leather Key Fobs"},{"@type":"BreadcrumbList","@id":"https:\/\/www.triumphgifts.com\/product\/custom-leather-key-fobs\/#breadcrumb","itemListElement":[{"@type":"ListItem","position":1,"name":"\u9996\u9875","item":"https:\/\/www.triumphgifts.com\/"},{"@type":"ListItem","position":2,"name":"Products","item":"https:\/\/www.triumphgifts.com\/shop\/"},{"@type":"ListItem","position":3,"name":"Custom Leather Key Fobs"}]},{"@type":"WebSite","@id":"https:\/\/www.triumphgifts.com\/sk\/#website","url":"https:\/\/www.triumphgifts.com\/sk\/","name":"Proizvo\u0111a\u010d promotivnih proizvoda po narud\u017ebi, trofeja i medalja | Triumph Gifts","description":"Proizvo\u0111a\u010d promotivnih proizvoda po narud\u017ebi, trofeja i medalja | Triumph Gifts","publisher":{"@id":"https:\/\/www.triumphgifts.com\/sk\/#organization"},"potentialAction":[{"@type":"SearchAction","target":{"@type":"EntryPoint","urlTemplate":"https:\/\/www.triumphgifts.com\/sk\/?s={search_term_string}"},"query-input":{"@type":"PropertyValueSpecification","valueRequired":true,"valueName":"search_term_string"}}],"inLanguage":"bs-BA"},{"@type":"Organization","@id":"https:\/\/www.triumphgifts.com\/sk\/#organization","name":"Proizvo\u0111a\u010d promotivnih proizvoda po narud\u017ebi, trofeja i medalja | Triumph Gifts","url":"https:\/\/www.triumphgifts.com\/sk\/","logo":{"@type":"ImageObject","inLanguage":"bs-BA","@id":"https:\/\/www.triumphgifts.com\/sk\/#\/schema\/logo\/image\/","url":"https:\/\/www.triumphgifts.com\/wp-content\/uploads\/2025\/05\/triumph-gifts-logo-1.png","contentUrl":"https:\/\/www.triumphgifts.com\/wp-content\/uploads\/2025\/05\/triumph-gifts-logo-1.png","width":1537,"height":404,"caption":"Custom Promotional Products, Trophies & Medals Manufacturer | Triumph Gifts"},"image":{"@id":"https:\/\/www.triumphgifts.com\/sk\/#\/schema\/logo\/image\/"},"sameAs":["https:\/\/www.facebook.com\/customgiftsmanufacturers","https:\/\/www.youtube.com\/@customsouvenirs","https:\/\/www.pinterest.com\/custompromotionalproducts\/","https:\/\/www.linkedin.com\/company\/customgiftsupplier\/"]}]}},"_links":{"self":[{"href":"https:\/\/www.triumphgifts.com\/bs\/wp-json\/wp\/v2\/product\/3686","targetHints":{"allow":["GET"]}}],"collection":[{"href":"https:\/\/www.triumphgifts.com\/bs\/wp-json\/wp\/v2\/product"}],"about":[{"href":"https:\/\/www.triumphgifts.com\/bs\/wp-json\/wp\/v2\/types\/product"}],"replies":[{"embeddable":true,"href":"https:\/\/www.triumphgifts.com\/bs\/wp-json\/wp\/v2\/comments?post=3686"}],"version-history":[{"count":0,"href":"https:\/\/www.triumphgifts.com\/bs\/wp-json\/wp\/v2\/product\/3686\/revisions"}],"wp:featuredmedia":[{"embeddable":true,"href":"https:\/\/www.triumphgifts.com\/bs\/wp-json\/wp\/v2\/media\/3687"}],"wp:attachment":[{"href":"https:\/\/www.triumphgifts.com\/bs\/wp-json\/wp\/v2\/media?parent=3686"}],"wp:term":[{"taxonomy":"product_brand","embeddable":true,"href":"https:\/\/www.triumphgifts.com\/bs\/wp-json\/wp\/v2\/product_brand?post=3686"},{"taxonomy":"product_cat","embeddable":true,"href":"https:\/\/www.triumphgifts.com\/bs\/wp-json\/wp\/v2\/product_cat?post=3686"},{"taxonomy":"product_tag","embeddable":true,"href":"https:\/\/www.triumphgifts.com\/bs\/wp-json\/wp\/v2\/product_tag?post=3686"}],"curies":[{"name":"wp","href":"https:\/\/api.w.org\/{rel}","templated":true}]}}